{"id":1050,"date":"2024-08-14T11:14:04","date_gmt":"2024-08-14T04:14:04","guid":{"rendered":"https:\/\/vnstest.hcmussh.edu.vn\/?page_id=1050"},"modified":"2025-07-14T14:05:15","modified_gmt":"2025-07-14T07:05:15","slug":"lien-he","status":"publish","type":"page","link":"https:\/\/vns.hcmussh.edu.vn\/index.php\/vi\/lien-he\/","title":{"rendered":"Li\u00ean h\u1ec7"},"content":{"rendered":"\t\t<div data-elementor-type=\"wp-page\" data-elementor-id=\"1050\" class=\"elementor elementor-1050\" data-elementor-post-type=\"page\">\n\t\t\t\t\t\t<section class=\"elementor-section elementor-top-section elementor-element elementor-element-0fcb7bf elementor-section-boxed elementor-section-height-default elementor-section-height-default wpr-particle-no wpr-jarallax-no wpr-parallax-no wpr-sticky-section-no\" data-id=\"0fcb7bf\" data-element_type=\"section\">\n\t\t\t\t\t\t<div class=\"elementor-container elementor-column-gap-default\">\n\t\t\t\t\t<div class=\"elementor-column elementor-col-100 elementor-top-column elementor-element elementor-element-e3f8f18\" data-id=\"e3f8f18\" data-element_type=\"column\">\n\t\t\t<div class=\"elementor-widget-wrap elementor-element-populated\">\n\t\t\t\t\t\t<div class=\"elementor-element elementor-element-9d4c602 elementor-headline--style-highlight elementor-widget elementor-widget-animated-headline\" data-id=\"9d4c602\" data-element_type=\"widget\" data-settings=\"{&quot;marker&quot;:&quot;underline&quot;,&quot;highlighted_text&quot;:&quot;cho ng\\u01b0\\u1eddi n\\u01b0\\u1edbc ngo\\u00e0i&quot;,&quot;headline_style&quot;:&quot;highlight&quot;,&quot;loop&quot;:&quot;yes&quot;,&quot;highlight_animation_duration&quot;:1200,&quot;highlight_iteration_delay&quot;:8000}\" data-widget_type=\"animated-headline.default\">\n\t\t\t\t<div class=\"elementor-widget-container\">\n\t\t\t\t\t<h3 class=\"elementor-headline\">\n\t\t\t\t\t<span class=\"elementor-headline-plain-text elementor-headline-text-wrapper\">Trung t\u00e2m ti\u1ebfng Vi\u1ec7t<\/span>\n\t\t\t\t<span class=\"elementor-headline-dynamic-wrapper elementor-headline-text-wrapper\">\n\t\t\t\t\t<span class=\"elementor-headline-dynamic-text elementor-headline-text-active\">cho ng\u01b0\u1eddi n\u01b0\u1edbc ngo\u00e0i<\/span>\n\t\t\t\t<\/span>\n\t\t\t\t<\/h3>\n\t\t\t\t<\/div>\n\t\t\t\t<\/div>\n\t\t\t\t<div class=\"elementor-element elementor-element-cdf391a elementor-widget elementor-widget-text-editor\" data-id=\"cdf391a\" data-element_type=\"widget\" data-widget_type=\"text-editor.default\">\n\t\t\t\t<div class=\"elementor-widget-container\">\n\t\t\t\t\t\t\t<p><strong>thu\u1ed9c Khoa Vi\u1ec7t Nam h\u1ecdc<\/strong><\/p><p><strong>Tr\u01b0\u1eddng \u0110\u1ea1i h\u1ecdc Khoa h\u1ecdc X\u00e3 h\u1ed9i v\u00e0 Nh\u00e2n v\u0103n, \u0110HQG-HCM<\/strong><\/p><p>V\u0103n Ph\u00f2ng: Ph\u00f2ng C.002, Trung t\u00e2m ti\u1ebfng Vi\u1ec7t cho ng\u01b0\u1eddi n\u01b0\u1edbc ngo\u00e0i<\/p><p>\u0110\u1ecba ch\u1ec9:\u00a010-12 \u0110inh Ti\u00ean Ho\u00e0ng, P. S\u00e0i G\u00f2n (P. B\u1ebfn Ngh\u00e9, Q.1 c\u0169), TP.HCM.<\/p><p>Email: vns.tttv@hcmussh.edu.vn<\/p><p>website: https:\/\/vns.hcmussh.edu.vn<\/p><p>S\u1ed1 \u0111i\u1ec7n tho\u1ea1i: (028) 38 225009<\/p>\t\t\t\t\t\t<\/div>\n\t\t\t\t<\/div>\n\t\t\t\t\t<\/div>\n\t\t<\/div>\n\t\t\t\t\t<\/div>\n\t\t<\/section>\n\t\t\t\t<\/div>\n\t\t","protected":false},"excerpt":{"rendered":"<p>Trung t\u00e2m ti\u1ebfng Vi\u1ec7t cho ng\u01b0\u1eddi n\u01b0\u1edbc ngo\u00e0i thu\u1ed9c Khoa Vi\u1ec7t Nam h\u1ecdc Tr\u01b0\u1eddng \u0110\u1ea1i h\u1ecdc Khoa h\u1ecdc X\u00e3 h\u1ed9i v\u00e0 Nh\u00e2n v\u0103n, \u0110HQG-HCM V\u0103n Ph\u00f2ng: Ph\u00f2ng C.002, Trung t\u00e2m ti\u1ebfng Vi\u1ec7t cho ng\u01b0\u1eddi n\u01b0\u1edbc ngo\u00e0i \u0110\u1ecba ch\u1ec9:\u00a010-12 \u0110inh Ti\u00ean Ho\u00e0ng, P. S\u00e0i G\u00f2n (P. B\u1ebfn Ngh\u00e9, Q.1 c\u0169), TP.HCM. Email: vns.tttv@hcmussh.edu.vn website: https:\/\/vns.hcmussh.edu.vn S\u1ed1 \u0111i\u1ec7n tho\u1ea1i: (028) 38 225009<\/p>\n","protected":false},"author":2,"featured_media":0,"parent":0,"menu_order":0,"comment_status":"closed","ping_status":"closed","template":"","meta":{"_acf_changed":false,"footnotes":""},"class_list":["post-1050","page","type-page","status-publish","hentry"],"acf":[],"_links":{"self":[{"href":"https:\/\/vns.hcmussh.edu.vn\/index.php\/wp-json\/wp\/v2\/pages\/1050","targetHints":{"allow":["GET"]}}],"collection":[{"href":"https:\/\/vns.hcmussh.edu.vn\/index.php\/wp-json\/wp\/v2\/pages"}],"about":[{"href":"https:\/\/vns.hcmussh.edu.vn\/index.php\/wp-json\/wp\/v2\/types\/page"}],"author":[{"embeddable":true,"href":"https:\/\/vns.hcmussh.edu.vn\/index.php\/wp-json\/wp\/v2\/users\/2"}],"replies":[{"embeddable":true,"href":"https:\/\/vns.hcmussh.edu.vn\/index.php\/wp-json\/wp\/v2\/comments?post=1050"}],"version-history":[{"count":31,"href":"https:\/\/vns.hcmussh.edu.vn\/index.php\/wp-json\/wp\/v2\/pages\/1050\/revisions"}],"predecessor-version":[{"id":6066,"href":"https:\/\/vns.hcmussh.edu.vn\/index.php\/wp-json\/wp\/v2\/pages\/1050\/revisions\/6066"}],"wp:attachment":[{"href":"https:\/\/vns.hcmussh.edu.vn\/index.php\/wp-json\/wp\/v2\/media?parent=1050"}],"curies":[{"name":"wp","href":"https:\/\/api.w.org\/{rel}","templated":true}]}}