{"id":1444,"date":"2024-08-23T13:42:28","date_gmt":"2024-08-23T06:42:28","guid":{"rendered":"https:\/\/vnstest.hcmussh.edu.vn\/?page_id=1444"},"modified":"2024-09-06T15:44:58","modified_gmt":"2024-09-06T08:44:58","slug":"news","status":"publish","type":"page","link":"https:\/\/vns.hcmussh.edu.vn\/index.php\/news\/","title":{"rendered":"News"},"content":{"rendered":"\t\t<div data-elementor-type=\"wp-page\" data-elementor-id=\"1444\" class=\"elementor elementor-1444\" data-elementor-post-type=\"page\">\n\t\t\t\t\t\t<section class=\"elementor-section elementor-top-section elementor-element elementor-element-ea0f3e5 elementor-section-boxed elementor-section-height-default elementor-section-height-default wpr-particle-no wpr-jarallax-no wpr-parallax-no wpr-sticky-section-no\" data-id=\"ea0f3e5\" data-element_type=\"section\">\n\t\t\t\t\t\t<div class=\"elementor-container elementor-column-gap-default\">\n\t\t\t\t\t<div class=\"elementor-column elementor-col-100 elementor-top-column elementor-element elementor-element-e6430b3\" data-id=\"e6430b3\" data-element_type=\"column\">\n\t\t\t<div class=\"elementor-widget-wrap elementor-element-populated\">\n\t\t\t\t\t\t<div class=\"elementor-element elementor-element-4346cb7 elementor-widget elementor-widget-heading\" data-id=\"4346cb7\" data-element_type=\"widget\" data-widget_type=\"heading.default\">\n\t\t\t\t<div class=\"elementor-widget-container\">\n\t\t\t<h2 class=\"elementor-heading-title elementor-size-default\">Tin t\u1ee9c<\/h2>\t\t<\/div>\n\t\t\t\t<\/div>\n\t\t\t\t\t<\/div>\n\t\t<\/div>\n\t\t\t\t\t<\/div>\n\t\t<\/section>\n\t\t\t\t<section class=\"elementor-section elementor-top-section elementor-element elementor-element-e6e410f elementor-section-boxed elementor-section-height-default elementor-section-height-default wpr-particle-no wpr-jarallax-no wpr-parallax-no wpr-sticky-section-no\" data-id=\"e6e410f\" data-element_type=\"section\">\n\t\t\t\t\t\t<div class=\"elementor-container elementor-column-gap-default\">\n\t\t\t\t\t<div class=\"elementor-column elementor-col-100 elementor-top-column elementor-element elementor-element-b058ca8\" data-id=\"b058ca8\" data-element_type=\"column\">\n\t\t\t<div class=\"elementor-widget-wrap elementor-element-populated\">\n\t\t\t\t\t\t<div class=\"elementor-element elementor-element-f40a22e elementor-grid-3 elementor-grid-tablet-2 elementor-grid-mobile-1 elementor-posts--thumbnail-top elementor-card-shadow-yes elementor-posts__hover-gradient elementor-widget elementor-widget-posts\" data-id=\"f40a22e\" data-element_type=\"widget\" data-settings=\"{&quot;cards_columns&quot;:&quot;3&quot;,&quot;cards_columns_tablet&quot;:&quot;2&quot;,&quot;cards_columns_mobile&quot;:&quot;1&quot;,&quot;cards_row_gap&quot;:{&quot;unit&quot;:&quot;px&quot;,&quot;size&quot;:35,&quot;sizes&quot;:[]},&quot;cards_row_gap_tablet&quot;:{&quot;unit&quot;:&quot;px&quot;,&quot;size&quot;:&quot;&quot;,&quot;sizes&quot;:[]},&quot;cards_row_gap_mobile&quot;:{&quot;unit&quot;:&quot;px&quot;,&quot;size&quot;:&quot;&quot;,&quot;sizes&quot;:[]}}\" data-widget_type=\"posts.cards\">\n\t\t\t\t<div class=\"elementor-widget-container\">\n\t\t\t\t\t<div class=\"elementor-posts-container elementor-posts elementor-posts--skin-cards elementor-grid\">\n\t\t\t\t<article class=\"elementor-post elementor-grid-item post-6127 post type-post status-publish format-standard has-post-thumbnail hentry category-tin-tuc\">\n\t\t\t<div class=\"elementor-post__card\">\n\t\t\t\t<a class=\"elementor-post__thumbnail__link\" href=\"https:\/\/vns.hcmussh.edu.vn\/index.php\/vi\/khai-giang-khoa-hoc-tieng-viet-cho-sinh-vien-dai-hoc-thanh-hoa-dai-loan\/\" tabindex=\"-1\" ><div class=\"elementor-post__thumbnail\"><img fetchpriority=\"high\" decoding=\"async\" width=\"494\" height=\"325\" src=\"https:\/\/vns.hcmussh.edu.vn\/wp-content\/uploads\/2025\/07\/Picture1.jpg\" class=\"attachment-full size-full wp-image-6136\" alt=\"\" srcset=\"https:\/\/vns.hcmussh.edu.vn\/wp-content\/uploads\/2025\/07\/Picture1.jpg 494w, https:\/\/vns.hcmussh.edu.vn\/wp-content\/uploads\/2025\/07\/Picture1-300x197.jpg 300w\" sizes=\"(max-width: 494px) 100vw, 494px\" \/><\/div><\/a>\n\t\t\t\t<div class=\"elementor-post__text\">\n\t\t\t\t<h3 class=\"elementor-post__title\">\n\t\t\t<a href=\"https:\/\/vns.hcmussh.edu.vn\/index.php\/vi\/khai-giang-khoa-hoc-tieng-viet-cho-sinh-vien-dai-hoc-thanh-hoa-dai-loan\/\" >\n\t\t\t\tKhai gi\u1ea3ng kh\u00f3a h\u1ecdc ti\u1ebfng Vi\u1ec7t cho sinh vi\u00ean \u0110\u1ea1i h\u1ecdc Thanh Hoa (\u0110\u00e0i Loan)\t\t\t<\/a>\n\t\t<\/h3>\n\t\t\n\t\t<a class=\"elementor-post__read-more\" href=\"https:\/\/vns.hcmussh.edu.vn\/index.php\/vi\/khai-giang-khoa-hoc-tieng-viet-cho-sinh-vien-dai-hoc-thanh-hoa-dai-loan\/\" aria-label=\"Read more about Khai gi\u1ea3ng kh\u00f3a h\u1ecdc ti\u1ebfng Vi\u1ec7t cho sinh vi\u00ean \u0110\u1ea1i h\u1ecdc Thanh Hoa (\u0110\u00e0i Loan)\" tabindex=\"-1\" >\n\t\t\tRead More \u00bb\t\t<\/a>\n\n\t\t\t\t<\/div>\n\t\t\t\t<div class=\"elementor-post__meta-data\">\n\t\t\t\t\t<span class=\"elementor-post-date\">\n\t\t\t31\/07\/2025\t\t<\/span>\n\t\t\t\t<\/div>\n\t\t\t\t\t<\/div>\n\t\t<\/article>\n\t\t\t\t<article class=\"elementor-post elementor-grid-item post-6112 post type-post status-publish format-standard has-post-thumbnail hentry category-tin-tuc\">\n\t\t\t<div class=\"elementor-post__card\">\n\t\t\t\t<a class=\"elementor-post__thumbnail__link\" href=\"https:\/\/vns.hcmussh.edu.vn\/index.php\/vi\/be-giang-khoa-hoc-he-tim-hieu-tieng-viet-va-van-hoa-viet-nam-cho-doan-sinh-vien-dai-hoc-chinh-tri-dai-loan-nccu\/\" tabindex=\"-1\" ><div class=\"elementor-post__thumbnail\"><img decoding=\"async\" width=\"2048\" height=\"1242\" src=\"https:\/\/vns.hcmussh.edu.vn\/wp-content\/uploads\/2025\/07\/1.jpg\" class=\"attachment-full size-full wp-image-6122\" alt=\"\" srcset=\"https:\/\/vns.hcmussh.edu.vn\/wp-content\/uploads\/2025\/07\/1.jpg 2048w, https:\/\/vns.hcmussh.edu.vn\/wp-content\/uploads\/2025\/07\/1-300x182.jpg 300w, https:\/\/vns.hcmussh.edu.vn\/wp-content\/uploads\/2025\/07\/1-1024x621.jpg 1024w, https:\/\/vns.hcmussh.edu.vn\/wp-content\/uploads\/2025\/07\/1-768x466.jpg 768w, https:\/\/vns.hcmussh.edu.vn\/wp-content\/uploads\/2025\/07\/1-1536x932.jpg 1536w\" sizes=\"(max-width: 2048px) 100vw, 2048px\" \/><\/div><\/a>\n\t\t\t\t<div class=\"elementor-post__text\">\n\t\t\t\t<h3 class=\"elementor-post__title\">\n\t\t\t<a href=\"https:\/\/vns.hcmussh.edu.vn\/index.php\/vi\/be-giang-khoa-hoc-he-tim-hieu-tieng-viet-va-van-hoa-viet-nam-cho-doan-sinh-vien-dai-hoc-chinh-tri-dai-loan-nccu\/\" >\n\t\t\t\tB\u1ebf gi\u1ea3ng kh\u00f3a h\u1ecdc h\u00e8 &#8211; T\u00ecm hi\u1ec3u ti\u1ebfng Vi\u1ec7t v\u00e0 v\u0103n h\u00f3a Vi\u1ec7t Nam cho \u0111o\u00e0n sinh vi\u00ean \u0110\u1ea1i h\u1ecdc Ch\u00ednh tr\u1ecb, \u0110\u00e0i Loan (NCCU)\t\t\t<\/a>\n\t\t<\/h3>\n\t\t\n\t\t<a class=\"elementor-post__read-more\" href=\"https:\/\/vns.hcmussh.edu.vn\/index.php\/vi\/be-giang-khoa-hoc-he-tim-hieu-tieng-viet-va-van-hoa-viet-nam-cho-doan-sinh-vien-dai-hoc-chinh-tri-dai-loan-nccu\/\" aria-label=\"Read more about B\u1ebf gi\u1ea3ng kh\u00f3a h\u1ecdc h\u00e8 &#8211; T\u00ecm hi\u1ec3u ti\u1ebfng Vi\u1ec7t v\u00e0 v\u0103n h\u00f3a Vi\u1ec7t Nam cho \u0111o\u00e0n sinh vi\u00ean \u0110\u1ea1i h\u1ecdc Ch\u00ednh tr\u1ecb, \u0110\u00e0i Loan (NCCU)\" tabindex=\"-1\" >\n\t\t\tRead More \u00bb\t\t<\/a>\n\n\t\t\t\t<\/div>\n\t\t\t\t<div class=\"elementor-post__meta-data\">\n\t\t\t\t\t<span class=\"elementor-post-date\">\n\t\t\t31\/07\/2025\t\t<\/span>\n\t\t\t\t<\/div>\n\t\t\t\t\t<\/div>\n\t\t<\/article>\n\t\t\t\t<article class=\"elementor-post elementor-grid-item post-5999 post type-post status-publish format-standard has-post-thumbnail hentry category-tin-tuc\">\n\t\t\t<div class=\"elementor-post__card\">\n\t\t\t\t<a class=\"elementor-post__thumbnail__link\" href=\"https:\/\/vns.hcmussh.edu.vn\/index.php\/vi\/chao-don-doan-sinh-vien-truong-dai-hoc-quoc-lap-chinh-tri-dai-loan-nccu\/\" tabindex=\"-1\" ><div class=\"elementor-post__thumbnail\"><img decoding=\"async\" width=\"2560\" height=\"1437\" src=\"https:\/\/vns.hcmussh.edu.vn\/wp-content\/uploads\/2025\/07\/7-IMG_6635-scaled.jpg\" class=\"attachment-full size-full wp-image-6000\" alt=\"\" srcset=\"https:\/\/vns.hcmussh.edu.vn\/wp-content\/uploads\/2025\/07\/7-IMG_6635-scaled.jpg 2560w, https:\/\/vns.hcmussh.edu.vn\/wp-content\/uploads\/2025\/07\/7-IMG_6635-300x168.jpg 300w, https:\/\/vns.hcmussh.edu.vn\/wp-content\/uploads\/2025\/07\/7-IMG_6635-1024x575.jpg 1024w, https:\/\/vns.hcmussh.edu.vn\/wp-content\/uploads\/2025\/07\/7-IMG_6635-768x431.jpg 768w, https:\/\/vns.hcmussh.edu.vn\/wp-content\/uploads\/2025\/07\/7-IMG_6635-1536x862.jpg 1536w, https:\/\/vns.hcmussh.edu.vn\/wp-content\/uploads\/2025\/07\/7-IMG_6635-2048x1150.jpg 2048w\" sizes=\"(max-width: 2560px) 100vw, 2560px\" \/><\/div><\/a>\n\t\t\t\t<div class=\"elementor-post__text\">\n\t\t\t\t<h3 class=\"elementor-post__title\">\n\t\t\t<a href=\"https:\/\/vns.hcmussh.edu.vn\/index.php\/vi\/chao-don-doan-sinh-vien-truong-dai-hoc-quoc-lap-chinh-tri-dai-loan-nccu\/\" >\n\t\t\t\tCh\u00e0o \u0111\u00f3n \u0111o\u00e0n sinh vi\u00ean Tr\u01b0\u1eddng \u0110\u1ea1i h\u1ecdc Qu\u1ed1c L\u1eadp Ch\u00ednh Tr\u1ecb \u2013 \u0110\u00e0i Loan (NCCU)\t\t\t<\/a>\n\t\t<\/h3>\n\t\t\n\t\t<a class=\"elementor-post__read-more\" href=\"https:\/\/vns.hcmussh.edu.vn\/index.php\/vi\/chao-don-doan-sinh-vien-truong-dai-hoc-quoc-lap-chinh-tri-dai-loan-nccu\/\" aria-label=\"Read more about Ch\u00e0o \u0111\u00f3n \u0111o\u00e0n sinh vi\u00ean Tr\u01b0\u1eddng \u0110\u1ea1i h\u1ecdc Qu\u1ed1c L\u1eadp Ch\u00ednh Tr\u1ecb \u2013 \u0110\u00e0i Loan (NCCU)\" tabindex=\"-1\" >\n\t\t\tRead More \u00bb\t\t<\/a>\n\n\t\t\t\t<\/div>\n\t\t\t\t<div class=\"elementor-post__meta-data\">\n\t\t\t\t\t<span class=\"elementor-post-date\">\n\t\t\t14\/07\/2025\t\t<\/span>\n\t\t\t\t<\/div>\n\t\t\t\t\t<\/div>\n\t\t<\/article>\n\t\t\t\t<article class=\"elementor-post elementor-grid-item post-5984 post type-post status-publish format-standard has-post-thumbnail hentry category-tin-tuc\">\n\t\t\t<div class=\"elementor-post__card\">\n\t\t\t\t<a class=\"elementor-post__thumbnail__link\" href=\"https:\/\/vns.hcmussh.edu.vn\/index.php\/vi\/thong-bao-thay-doi-ngay-thi-nang-luc-tieng-viet-thang-7-nam-2025\/\" tabindex=\"-1\" ><div class=\"elementor-post__thumbnail\"><img loading=\"lazy\" decoding=\"async\" width=\"450\" height=\"370\" src=\"https:\/\/vns.hcmussh.edu.vn\/wp-content\/uploads\/2025\/06\/1-Anh.jpg\" class=\"attachment-full size-full wp-image-5989\" alt=\"\" srcset=\"https:\/\/vns.hcmussh.edu.vn\/wp-content\/uploads\/2025\/06\/1-Anh.jpg 450w, https:\/\/vns.hcmussh.edu.vn\/wp-content\/uploads\/2025\/06\/1-Anh-300x247.jpg 300w\" sizes=\"(max-width: 450px) 100vw, 450px\" \/><\/div><\/a>\n\t\t\t\t<div class=\"elementor-post__text\">\n\t\t\t\t<h3 class=\"elementor-post__title\">\n\t\t\t<a href=\"https:\/\/vns.hcmussh.edu.vn\/index.php\/vi\/thong-bao-thay-doi-ngay-thi-nang-luc-tieng-viet-thang-7-nam-2025\/\" >\n\t\t\t\tTH\u00d4NG B\u00c1O: Thay \u0111\u1ed5i ng\u00e0y thi n\u0103ng l\u1ef1c ti\u1ebfng Vi\u1ec7t \u2013 Th\u00e1ng 7 n\u0103m 2025\t\t\t<\/a>\n\t\t<\/h3>\n\t\t\n\t\t<a class=\"elementor-post__read-more\" href=\"https:\/\/vns.hcmussh.edu.vn\/index.php\/vi\/thong-bao-thay-doi-ngay-thi-nang-luc-tieng-viet-thang-7-nam-2025\/\" aria-label=\"Read more about TH\u00d4NG B\u00c1O: Thay \u0111\u1ed5i ng\u00e0y thi n\u0103ng l\u1ef1c ti\u1ebfng Vi\u1ec7t \u2013 Th\u00e1ng 7 n\u0103m 2025\" tabindex=\"-1\" >\n\t\t\tRead More \u00bb\t\t<\/a>\n\n\t\t\t\t<\/div>\n\t\t\t\t<div class=\"elementor-post__meta-data\">\n\t\t\t\t\t<span class=\"elementor-post-date\">\n\t\t\t16\/06\/2025\t\t<\/span>\n\t\t\t\t<\/div>\n\t\t\t\t\t<\/div>\n\t\t<\/article>\n\t\t\t\t<article class=\"elementor-post elementor-grid-item post-5974 post type-post status-publish format-standard has-post-thumbnail hentry category-tin-tuc-en\">\n\t\t\t<div class=\"elementor-post__card\">\n\t\t\t\t<a class=\"elementor-post__thumbnail__link\" href=\"https:\/\/vns.hcmussh.edu.vn\/index.php\/announcement-change-of-vietnamese-language-proficiency-test-date-july-2025\/\" tabindex=\"-1\" ><div class=\"elementor-post__thumbnail\"><img loading=\"lazy\" decoding=\"async\" width=\"450\" height=\"370\" src=\"https:\/\/vns.hcmussh.edu.vn\/wp-content\/uploads\/2025\/06\/1-Anh.jpg\" class=\"attachment-full size-full wp-image-5989\" alt=\"\" srcset=\"https:\/\/vns.hcmussh.edu.vn\/wp-content\/uploads\/2025\/06\/1-Anh.jpg 450w, https:\/\/vns.hcmussh.edu.vn\/wp-content\/uploads\/2025\/06\/1-Anh-300x247.jpg 300w\" sizes=\"(max-width: 450px) 100vw, 450px\" \/><\/div><\/a>\n\t\t\t\t<div class=\"elementor-post__text\">\n\t\t\t\t<h3 class=\"elementor-post__title\">\n\t\t\t<a href=\"https:\/\/vns.hcmussh.edu.vn\/index.php\/announcement-change-of-vietnamese-language-proficiency-test-date-july-2025\/\" >\n\t\t\t\tANNOUNCEMENT: Change of Vietnamese Language Proficiency Test Date \u2013 July 2025\t\t\t<\/a>\n\t\t<\/h3>\n\t\t\n\t\t<a class=\"elementor-post__read-more\" href=\"https:\/\/vns.hcmussh.edu.vn\/index.php\/announcement-change-of-vietnamese-language-proficiency-test-date-july-2025\/\" aria-label=\"Read more about ANNOUNCEMENT: Change of Vietnamese Language Proficiency Test Date \u2013 July 2025\" tabindex=\"-1\" >\n\t\t\tRead More \u00bb\t\t<\/a>\n\n\t\t\t\t<\/div>\n\t\t\t\t<div class=\"elementor-post__meta-data\">\n\t\t\t\t\t<span class=\"elementor-post-date\">\n\t\t\t16\/06\/2025\t\t<\/span>\n\t\t\t\t<\/div>\n\t\t\t\t\t<\/div>\n\t\t<\/article>\n\t\t\t\t<article class=\"elementor-post elementor-grid-item post-5274 post type-post status-publish format-standard has-post-thumbnail hentry category-tin-tuc-en\">\n\t\t\t<div class=\"elementor-post__card\">\n\t\t\t\t<a class=\"elementor-post__thumbnail__link\" href=\"https:\/\/vns.hcmussh.edu.vn\/index.php\/be-giang-chuong-trinh-hoc-tieng-viet-cua-doan-truong-dai-hoc-ngoai-ngu-tokyo-nhat-ban-2-2-2-3-2\/\" tabindex=\"-1\" ><div class=\"elementor-post__thumbnail\"><img loading=\"lazy\" decoding=\"async\" width=\"1379\" height=\"774\" src=\"https:\/\/vns.hcmussh.edu.vn\/wp-content\/uploads\/2025\/03\/Picture1-2.jpg\" class=\"attachment-full size-full wp-image-5266\" alt=\"\" srcset=\"https:\/\/vns.hcmussh.edu.vn\/wp-content\/uploads\/2025\/03\/Picture1-2.jpg 1379w, https:\/\/vns.hcmussh.edu.vn\/wp-content\/uploads\/2025\/03\/Picture1-2-300x168.jpg 300w, https:\/\/vns.hcmussh.edu.vn\/wp-content\/uploads\/2025\/03\/Picture1-2-1024x575.jpg 1024w, https:\/\/vns.hcmussh.edu.vn\/wp-content\/uploads\/2025\/03\/Picture1-2-768x431.jpg 768w\" sizes=\"(max-width: 1379px) 100vw, 1379px\" \/><\/div><\/a>\n\t\t\t\t<div class=\"elementor-post__text\">\n\t\t\t\t<h3 class=\"elementor-post__title\">\n\t\t\t<a href=\"https:\/\/vns.hcmussh.edu.vn\/index.php\/be-giang-chuong-trinh-hoc-tieng-viet-cua-doan-truong-dai-hoc-ngoai-ngu-tokyo-nhat-ban-2-2-2-3-2\/\" >\n\t\t\t\tCLOSING CEREMONY OF THE VIETNAMESE LANGUAGE PROGRAM FOR KOKUSHIKAN UNIVERSITY (JAPAN)\t\t\t<\/a>\n\t\t<\/h3>\n\t\t\n\t\t<a class=\"elementor-post__read-more\" href=\"https:\/\/vns.hcmussh.edu.vn\/index.php\/be-giang-chuong-trinh-hoc-tieng-viet-cua-doan-truong-dai-hoc-ngoai-ngu-tokyo-nhat-ban-2-2-2-3-2\/\" aria-label=\"Read more about CLOSING CEREMONY OF THE VIETNAMESE LANGUAGE PROGRAM FOR KOKUSHIKAN UNIVERSITY (JAPAN)\" tabindex=\"-1\" >\n\t\t\tRead More \u00bb\t\t<\/a>\n\n\t\t\t\t<\/div>\n\t\t\t\t<div class=\"elementor-post__meta-data\">\n\t\t\t\t\t<span class=\"elementor-post-date\">\n\t\t\t21\/03\/2025\t\t<\/span>\n\t\t\t\t<\/div>\n\t\t\t\t\t<\/div>\n\t\t<\/article>\n\t\t\t\t<\/div>\n\t\t\n\t\t\t\t<\/div>\n\t\t\t\t<\/div>\n\t\t\t\t\t<\/div>\n\t\t<\/div>\n\t\t\t\t\t<\/div>\n\t\t<\/section>\n\t\t\t\t<section class=\"elementor-section elementor-top-section elementor-element elementor-element-7a6a149 elementor-section-boxed elementor-section-height-default elementor-section-height-default wpr-particle-no wpr-jarallax-no wpr-parallax-no wpr-sticky-section-no\" data-id=\"7a6a149\" data-element_type=\"section\">\n\t\t\t\t\t\t<div class=\"elementor-container elementor-column-gap-default\">\n\t\t\t\t\t<div class=\"elementor-column elementor-col-100 elementor-top-column elementor-element elementor-element-af2f9ec\" data-id=\"af2f9ec\" data-element_type=\"column\">\n\t\t\t<div class=\"elementor-widget-wrap elementor-element-populated\">\n\t\t\t\t\t\t<section class=\"elementor-section elementor-inner-section elementor-element elementor-element-789cc2e elementor-section-boxed elementor-section-height-default elementor-section-height-default wpr-particle-no wpr-jarallax-no wpr-parallax-no wpr-sticky-section-no\" data-id=\"789cc2e\" data-element_type=\"section\">\n\t\t\t\t\t\t<div class=\"elementor-container elementor-column-gap-default\">\n\t\t\t\t\t<div class=\"elementor-column elementor-col-33 elementor-inner-column elementor-element elementor-element-0689595\" data-id=\"0689595\" data-element_type=\"column\">\n\t\t\t<div class=\"elementor-widget-wrap elementor-element-populated\">\n\t\t\t\t\t\t<div class=\"elementor-element elementor-element-51ee651 elementor-cta--skin-classic elementor-animated-content elementor-bg-transform elementor-bg-transform-zoom-in elementor-widget elementor-widget-call-to-action\" data-id=\"51ee651\" data-element_type=\"widget\" data-widget_type=\"call-to-action.default\">\n\t\t\t\t<div class=\"elementor-widget-container\">\n\t\t\t\t\t<div class=\"elementor-cta\">\n\t\t\t\t\t<div class=\"elementor-cta__bg-wrapper\">\n\t\t\t\t<div class=\"elementor-cta__bg elementor-bg\" style=\"background-image: url(https:\/\/vns.hcmussh.edu.vn\/wp-content\/uploads\/2024\/08\/LIo9SzCdM2dLpjZtn7iVL4Ts.jpg);\" role=\"img\" aria-label=\"LIo9SzCdM2dLpjZtn7iVL4Ts\"><\/div>\n\t\t\t\t<div class=\"elementor-cta__bg-overlay\"><\/div>\n\t\t\t<\/div>\n\t\t\t\t\t\t\t<div class=\"elementor-cta__content\">\n\t\t\t\t\n\t\t\t\t\t\t\t\t\t<h2 class=\"elementor-cta__title elementor-cta__content-item elementor-content-item\">\n\t\t\t\t\t\tCoordinating the Organization of the Vietnamese Proficiency Test at National Taichung University of Science and Technology on July 20, 2024\t\t\t\t\t<\/h2>\n\t\t\t\t\n\t\t\t\t\n\t\t\t\t\t\t\t\t\t<div class=\"elementor-cta__button-wrapper elementor-cta__content-item elementor-content-item \">\n\t\t\t\t\t<a class=\"elementor-cta__button elementor-button elementor-size-\" href=\"https:\/\/vnstest.hcmussh.edu.vn\/index.php\/coordinating-the-organization-of-the-vietnamese-proficiency-test-at-national-taichung-university-of-science-and-technology-on-july-20-2024\/\">\n\t\t\t\t\t\tView more\t\t\t\t\t<\/a>\n\t\t\t\t\t<\/div>\n\t\t\t\t\t\t\t<\/div>\n\t\t\t\t\t\t<\/div>\n\t\t\t\t<\/div>\n\t\t\t\t<\/div>\n\t\t\t\t\t<\/div>\n\t\t<\/div>\n\t\t\t\t<div class=\"elementor-column elementor-col-33 elementor-inner-column elementor-element elementor-element-b2a8a80\" data-id=\"b2a8a80\" data-element_type=\"column\">\n\t\t\t<div class=\"elementor-widget-wrap elementor-element-populated\">\n\t\t\t\t\t\t<div class=\"elementor-element elementor-element-ca3b248 elementor-cta--skin-classic elementor-animated-content elementor-bg-transform elementor-bg-transform-zoom-in elementor-widget elementor-widget-call-to-action\" data-id=\"ca3b248\" data-element_type=\"widget\" data-widget_type=\"call-to-action.default\">\n\t\t\t\t<div class=\"elementor-widget-container\">\n\t\t\t\t\t<div class=\"elementor-cta\">\n\t\t\t\t\t<div class=\"elementor-cta__bg-wrapper\">\n\t\t\t\t<div class=\"elementor-cta__bg elementor-bg\" style=\"background-image: url(https:\/\/vns.hcmussh.edu.vn\/wp-content\/uploads\/2024\/08\/a6j4_o7FvLXhQvBfftqml58b.jpeg);\" role=\"img\" aria-label=\"a6j4_o7FvLXhQvBfftqml58b\"><\/div>\n\t\t\t\t<div class=\"elementor-cta__bg-overlay\"><\/div>\n\t\t\t<\/div>\n\t\t\t\t\t\t\t<div class=\"elementor-cta__content\">\n\t\t\t\t\n\t\t\t\t\t\t\t\t\t<h2 class=\"elementor-cta__title elementor-cta__content-item elementor-content-item\">\n\t\t\t\t\t\tCoordinating the Organization of the Vietnamese Proficiency Test at Chihlee University of Technology on May 25, 2024<br><br>\t\t\t\t\t<\/h2>\n\t\t\t\t\n\t\t\t\t\n\t\t\t\t\t\t\t\t\t<div class=\"elementor-cta__button-wrapper elementor-cta__content-item elementor-content-item \">\n\t\t\t\t\t<a class=\"elementor-cta__button elementor-button elementor-size-\" href=\"https:\/\/vnstest.hcmussh.edu.vn\/index.php\/coordinating-the-organization-of-the-vietnamese-proficiency-test-at-chihlee-university-of-technology-on-may-25-2024\/\">\n\t\t\t\t\t\tView more\t\t\t\t\t<\/a>\n\t\t\t\t\t<\/div>\n\t\t\t\t\t\t\t<\/div>\n\t\t\t\t\t\t<\/div>\n\t\t\t\t<\/div>\n\t\t\t\t<\/div>\n\t\t\t\t\t<\/div>\n\t\t<\/div>\n\t\t\t\t<div class=\"elementor-column elementor-col-33 elementor-inner-column elementor-element elementor-element-a6ab333\" data-id=\"a6ab333\" data-element_type=\"column\">\n\t\t\t<div class=\"elementor-widget-wrap elementor-element-populated\">\n\t\t\t\t\t\t<div class=\"elementor-element elementor-element-8a8075d elementor-cta--skin-classic elementor-animated-content elementor-bg-transform elementor-bg-transform-zoom-in elementor-widget elementor-widget-call-to-action\" data-id=\"8a8075d\" data-element_type=\"widget\" data-widget_type=\"call-to-action.default\">\n\t\t\t\t<div class=\"elementor-widget-container\">\n\t\t\t\t\t<div class=\"elementor-cta\">\n\t\t\t\t\t<div class=\"elementor-cta__bg-wrapper\">\n\t\t\t\t<div class=\"elementor-cta__bg elementor-bg\" style=\"background-image: url(https:\/\/vns.hcmussh.edu.vn\/wp-content\/uploads\/2024\/08\/thay-thu.jpg);\" role=\"img\" aria-label=\"Thay Thu\"><\/div>\n\t\t\t\t<div class=\"elementor-cta__bg-overlay\"><\/div>\n\t\t\t<\/div>\n\t\t\t\t\t\t\t<div class=\"elementor-cta__content\">\n\t\t\t\t\n\t\t\t\t\t\t\t\t\t<h2 class=\"elementor-cta__title elementor-cta__content-item elementor-content-item\">\n\t\t\t\t\t\tGraduation Ceremony for the 2023-2024 Preparatory Vietnamese Language Course for Laotian Students<br><br><br>\t\t\t\t\t<\/h2>\n\t\t\t\t\n\t\t\t\t\n\t\t\t\t\t\t\t\t\t<div class=\"elementor-cta__button-wrapper elementor-cta__content-item elementor-content-item \">\n\t\t\t\t\t<a class=\"elementor-cta__button elementor-button elementor-size-\" href=\"https:\/\/vnstest.hcmussh.edu.vn\/index.php\/graduation-ceremony-for-the-2023-2024-preparatory-vietnamese-language-course-for-laotian-students\/\">\n\t\t\t\t\t\tView more\t\t\t\t\t<\/a>\n\t\t\t\t\t<\/div>\n\t\t\t\t\t\t\t<\/div>\n\t\t\t\t\t\t<\/div>\n\t\t\t\t<\/div>\n\t\t\t\t<\/div>\n\t\t\t\t\t<\/div>\n\t\t<\/div>\n\t\t\t\t\t<\/div>\n\t\t<\/section>\n\t\t\t\t\t<\/div>\n\t\t<\/div>\n\t\t\t\t\t<\/div>\n\t\t<\/section>\n\t\t\t\t<\/div>\n\t\t","protected":false},"excerpt":{"rendered":"<p>Tin t\u1ee9c Coordinating the Organization of the Vietnamese Proficiency Test at National Taichung University of Science and Technology on July 20, 2024 View more Coordinating the Organization of the Vietnamese Proficiency Test at Chihlee University of Technology on May 25, 2024 View more Graduation Ceremony for the 2023-2024 Preparatory Vietnamese Language Course for Laotian Students View more<\/p>\n","protected":false},"author":2,"featured_media":0,"parent":0,"menu_order":0,"comment_status":"closed","ping_status":"closed","template":"","meta":{"_acf_changed":false,"footnotes":""},"class_list":["post-1444","page","type-page","status-publish","hentry"],"acf":[],"_links":{"self":[{"href":"https:\/\/vns.hcmussh.edu.vn\/index.php\/wp-json\/wp\/v2\/pages\/1444","targetHints":{"allow":["GET"]}}],"collection":[{"href":"https:\/\/vns.hcmussh.edu.vn\/index.php\/wp-json\/wp\/v2\/pages"}],"about":[{"href":"https:\/\/vns.hcmussh.edu.vn\/index.php\/wp-json\/wp\/v2\/types\/page"}],"author":[{"embeddable":true,"href":"https:\/\/vns.hcmussh.edu.vn\/index.php\/wp-json\/wp\/v2\/users\/2"}],"replies":[{"embeddable":true,"href":"https:\/\/vns.hcmussh.edu.vn\/index.php\/wp-json\/wp\/v2\/comments?post=1444"}],"version-history":[{"count":4,"href":"https:\/\/vns.hcmussh.edu.vn\/index.php\/wp-json\/wp\/v2\/pages\/1444\/revisions"}],"predecessor-version":[{"id":2641,"href":"https:\/\/vns.hcmussh.edu.vn\/index.php\/wp-json\/wp\/v2\/pages\/1444\/revisions\/2641"}],"wp:attachment":[{"href":"https:\/\/vns.hcmussh.edu.vn\/index.php\/wp-json\/wp\/v2\/media?parent=1444"}],"curies":[{"name":"wp","href":"https:\/\/api.w.org\/{rel}","templated":true}]}}