{"id":1601,"date":"2024-08-26T12:11:17","date_gmt":"2024-08-26T05:11:17","guid":{"rendered":"https:\/\/vnstest.hcmussh.edu.vn\/?page_id=1601"},"modified":"2024-08-26T12:13:28","modified_gmt":"2024-08-26T05:13:28","slug":"dich-vu-homestay","status":"publish","type":"page","link":"https:\/\/vns.hcmussh.edu.vn\/index.php\/vi\/dich-vu-homestay\/","title":{"rendered":"D\u1ecbch v\u1ee5 Homestay"},"content":{"rendered":"\t\t<div data-elementor-type=\"wp-page\" data-elementor-id=\"1601\" class=\"elementor elementor-1601\" data-elementor-post-type=\"page\">\n\t\t\t\t\t\t<section class=\"elementor-section elementor-top-section elementor-element elementor-element-d3e5944 elementor-section-boxed elementor-section-height-default elementor-section-height-default wpr-particle-no wpr-jarallax-no wpr-parallax-no wpr-sticky-section-no\" data-id=\"d3e5944\" data-element_type=\"section\">\n\t\t\t\t\t\t<div class=\"elementor-container elementor-column-gap-default\">\n\t\t\t\t\t<div class=\"elementor-column elementor-col-100 elementor-top-column elementor-element elementor-element-d137356\" data-id=\"d137356\" data-element_type=\"column\">\n\t\t\t<div class=\"elementor-widget-wrap elementor-element-populated\">\n\t\t\t\t\t\t<section class=\"elementor-section elementor-inner-section elementor-element elementor-element-b4f9432 elementor-section-boxed elementor-section-height-default elementor-section-height-default wpr-particle-no wpr-jarallax-no wpr-parallax-no wpr-sticky-section-no\" data-id=\"b4f9432\" data-element_type=\"section\">\n\t\t\t\t\t\t<div class=\"elementor-container elementor-column-gap-default\">\n\t\t\t\t\t<div class=\"elementor-column elementor-col-100 elementor-inner-column elementor-element elementor-element-2165d9f\" data-id=\"2165d9f\" data-element_type=\"column\">\n\t\t\t<div class=\"elementor-widget-wrap elementor-element-populated\">\n\t\t\t\t\t\t<div class=\"elementor-element elementor-element-b60f628 elementor-widget elementor-widget-text-editor\" data-id=\"b60f628\" data-element_type=\"widget\" data-widget_type=\"text-editor.default\">\n\t\t\t\t<div class=\"elementor-widget-container\">\n\t\t\t\t\t\t\t<p>B\u1ea1n \u0111ang t\u00ecm ki\u1ebfm m\u1ed9t tr\u1ea3i nghi\u1ec7m h\u1ecdc ti\u1ebfng Vi\u1ec7t th\u1ef1c t\u1ebf t\u1ea1i th\u00e0nh ph\u1ed1 H\u1ed3 Ch\u00ed Minh? D\u1ecbch v\u1ee5 homestay c\u1ee7a Trung t\u00e2m ti\u1ebfng Vi\u1ec7t, Khoa Vi\u1ec7t Nam h\u1ecdc l\u00e0 l\u1ef1a ch\u1ecdn ho\u00e0n h\u1ea3o d\u00e0nh cho b\u1ea1n.<\/p><p><strong>V\u00ec sao n\u00ean ch\u1ecdn d\u1ecbch v\u1ee5 homestay c\u1ee7a ch\u00fang t\u00f4i?<\/strong><\/p><ol><li><strong>H\u00f2a m\u00ecnh v\u00e0o v\u0103n h\u00f3a \u0111\u1ecba ph\u01b0\u01a1ng<\/strong>: S\u1ed1ng c\u00f9ng gia \u0111\u00ecnh ng\u01b0\u1eddi Vi\u1ec7t gi\u00fap b\u1ea1n c\u00f3 c\u01a1 h\u1ed9i tr\u1ea3i nghi\u1ec7m cu\u1ed9c s\u1ed1ng h\u00e0ng ng\u00e0y, t\u1eeb vi\u1ec7c n\u1ea5u \u0103n v\u00e0 c\u00e1c ho\u1ea1t \u0111\u1ed9ng v\u0103n h\u00f3a \u0111\u1ebfn giao ti\u1ebfp b\u1eb1ng ti\u1ebfng Vi\u1ec7t, gi\u00fap b\u1ea1n nhanh ch\u00f3ng c\u1ea3i thi\u1ec7n k\u1ef9 n\u0103ng ng\u00f4n ng\u1eef v\u00e0 hi\u1ec3u s\u00e2u h\u01a1n v\u1ec1 phong t\u1ee5c \u0111\u1ecba ph\u01b0\u01a1ng.<\/li><li><strong>M\u00f4i tr\u01b0\u1eddng h\u1ecdc t\u1eadp l\u00fd t\u01b0\u1edfng<\/strong>: C\u00e1c gia \u0111\u00ecnh homestay \u0111\u01b0\u1ee3c ch\u00fang t\u00f4i l\u1ef1a ch\u1ecdn k\u1ef9 l\u01b0\u1ee1ng, c\u1edfi m\u1edf v\u00e0 s\u1eb5n l\u00f2ng h\u1ed7 tr\u1ee3 b\u1ea1n trong qu\u00e1 tr\u00ecnh h\u1ecdc t\u1eadp. H\u1ecd kh\u00f4ng ch\u1ec9 l\u00e0 ng\u01b0\u1eddi \u0111\u1ed3ng h\u00e0nh m\u00e0 c\u00f2n l\u00e0 ng\u01b0\u1eddi th\u1ea7y, gi\u00fap b\u1ea1n luy\u1ec7n t\u1eadp ti\u1ebfng Vi\u1ec7t h\u00e0ng ng\u00e0y.<\/li><li><strong>Ti\u1ec7n nghi v\u00e0 an to\u00e0n<\/strong>: Ch\u00fang t\u00f4i \u0111\u1ea3m b\u1ea3o m\u1ecdi gia \u0111\u00ecnh homestay \u0111\u1ec1u cung c\u1ea5p m\u00f4i tr\u01b0\u1eddng s\u1ed1ng ti\u1ec7n nghi, s\u1ea1ch s\u1ebd v\u00e0 an to\u00e0n. B\u1ea1n s\u1ebd c\u00f3 ph\u00f2ng ri\u00eang v\u1edbi \u0111\u1ea7y \u0111\u1ee7 ti\u1ec7n nghi c\u1ea7n thi\u1ebft, t\u1ea1o c\u1ea3m gi\u00e1c tho\u1ea3i m\u00e1i nh\u01b0 \u1edf nh\u00e0.<\/li><li><strong>K\u1ebft n\u1ed1i v\u00e0 m\u1edf r\u1ed9ng m\u1ed1i quan h\u1ec7<\/strong>: S\u1ed1ng c\u00f9ng gia \u0111\u00ecnh Vi\u1ec7t Nam gi\u00fap b\u1ea1n x\u00e2y d\u1ef1ng m\u1ed1i quan h\u1ec7 b\u1ec1n v\u1eefng kh\u00f4ng ch\u1ec9 v\u1edbi gia \u0111\u00ecnh homestay m\u00e0 c\u00f2n v\u1edbi h\u00e0ng x\u00f3m v\u00e0 b\u1ea1n b\u00e8 \u0111\u1ecba ph\u01b0\u01a1ng. \u0110\u00e2y l\u00e0 c\u01a1 h\u1ed9i tuy\u1ec7t v\u1eddi \u0111\u1ec3 m\u1edf r\u1ed9ng m\u1ea1ng l\u01b0\u1edbi x\u00e3 h\u1ed9i v\u00e0 h\u1ecdc h\u1ecfi th\u00eam nhi\u1ec1u \u0111i\u1ec1u m\u1edbi m\u1ebb.<\/li><li><strong>H\u1ed7 tr\u1ee3 t\u1eadn t\u00e2m<\/strong>: D\u1ecbch v\u1ee5 homestay c\u1ee7a ch\u00fang t\u00f4i lu\u00f4n s\u1eb5n s\u00e0ng h\u1ed7 tr\u1ee3 b\u1ea1n 24\/7. M\u1ecdi th\u1eafc m\u1eafc hay kh\u00f3 kh\u0103n b\u1ea1n g\u1eb7p ph\u1ea3i s\u1ebd \u0111\u01b0\u1ee3c gi\u1ea3i quy\u1ebft nhanh ch\u00f3ng, \u0111\u1ea3m b\u1ea3o b\u1ea1n c\u00f3 tr\u1ea3i nghi\u1ec7m h\u1ecdc t\u1eadp v\u00e0 sinh ho\u1ea1t t\u1ed1t nh\u1ea5t.<\/li><\/ol><p>H\u00e3y tham gia d\u1ecbch v\u1ee5 homestay c\u1ee7a Trung t\u00e2m ti\u1ebfng Vi\u1ec7t cho ng\u01b0\u1eddi n\u01b0\u1edbc ngo\u00e0i \u0111\u1ec3 tr\u1ea3i nghi\u1ec7m m\u1ed9t h\u00e0nh tr\u00ecnh h\u1ecdc t\u1eadp v\u00e0 kh\u00e1m ph\u00e1 tuy\u1ec7t v\u1eddi. Ch\u00fang t\u00f4i cam k\u1ebft mang \u0111\u1ebfn cho b\u1ea1n kh\u00f4ng ch\u1ec9 ki\u1ebfn th\u1ee9c ng\u00f4n ng\u1eef m\u00e0 c\u00f2n l\u00e0 nh\u1eefng k\u1ef7 ni\u1ec7m \u0111\u00e1ng nh\u1edb v\u1ec1 v\u0103n h\u00f3a v\u00e0 con ng\u01b0\u1eddi Vi\u1ec7t Nam.<\/p>\t\t\t\t\t\t<\/div>\n\t\t\t\t<\/div>\n\t\t\t\t\t<\/div>\n\t\t<\/div>\n\t\t\t\t\t<\/div>\n\t\t<\/section>\n\t\t\t\t\t<\/div>\n\t\t<\/div>\n\t\t\t\t\t<\/div>\n\t\t<\/section>\n\t\t\t\t<section class=\"elementor-section elementor-top-section elementor-element elementor-element-5e4b8a5 elementor-section-boxed elementor-section-height-default elementor-section-height-default wpr-particle-no wpr-jarallax-no wpr-parallax-no wpr-sticky-section-no\" data-id=\"5e4b8a5\" data-element_type=\"section\">\n\t\t\t\t\t\t<div class=\"elementor-container elementor-column-gap-default\">\n\t\t\t\t\t<div class=\"elementor-column elementor-col-100 elementor-top-column elementor-element elementor-element-131f13b\" data-id=\"131f13b\" data-element_type=\"column\">\n\t\t\t<div class=\"elementor-widget-wrap elementor-element-populated\">\n\t\t\t\t\t\t<section class=\"elementor-section elementor-inner-section elementor-element elementor-element-7784275 elementor-section-boxed elementor-section-height-default elementor-section-height-default wpr-particle-no wpr-jarallax-no wpr-parallax-no wpr-sticky-section-no\" data-id=\"7784275\" data-element_type=\"section\">\n\t\t\t\t\t\t<div class=\"elementor-container elementor-column-gap-default\">\n\t\t\t\t\t<div class=\"elementor-column elementor-col-50 elementor-inner-column elementor-element elementor-element-979e3ad\" data-id=\"979e3ad\" data-element_type=\"column\">\n\t\t\t<div class=\"elementor-widget-wrap elementor-element-populated\">\n\t\t\t\t\t\t<div class=\"elementor-element elementor-element-3029846 elementor-widget elementor-widget-image\" data-id=\"3029846\" data-element_type=\"widget\" data-widget_type=\"image.default\">\n\t\t\t\t<div class=\"elementor-widget-container\">\n\t\t\t\t\t\t\t\t\t\t\t\t\t<img fetchpriority=\"high\" decoding=\"async\" width=\"800\" height=\"534\" src=\"https:\/\/vns.hcmussh.edu.vn\/wp-content\/uploads\/2024\/08\/Extracurricular-activities-in-VNS-1024x683.jpg\" class=\"attachment-large size-large wp-image-1603\" alt=\"\" srcset=\"https:\/\/vns.hcmussh.edu.vn\/wp-content\/uploads\/2024\/08\/Extracurricular-activities-in-VNS-1024x683.jpg 1024w, https:\/\/vns.hcmussh.edu.vn\/wp-content\/uploads\/2024\/08\/Extracurricular-activities-in-VNS-300x200.jpg 300w, https:\/\/vns.hcmussh.edu.vn\/wp-content\/uploads\/2024\/08\/Extracurricular-activities-in-VNS-768x512.jpg 768w, https:\/\/vns.hcmussh.edu.vn\/wp-content\/uploads\/2024\/08\/Extracurricular-activities-in-VNS.jpg 1160w\" sizes=\"(max-width: 800px) 100vw, 800px\" \/>\t\t\t\t\t\t\t\t\t\t\t\t\t<\/div>\n\t\t\t\t<\/div>\n\t\t\t\t\t<\/div>\n\t\t<\/div>\n\t\t\t\t<div class=\"elementor-column elementor-col-50 elementor-inner-column elementor-element elementor-element-7bb7153\" data-id=\"7bb7153\" data-element_type=\"column\">\n\t\t\t<div class=\"elementor-widget-wrap elementor-element-populated\">\n\t\t\t\t\t\t<div class=\"elementor-element elementor-element-1db784c elementor-widget elementor-widget-gallery\" data-id=\"1db784c\" data-element_type=\"widget\" data-settings=\"{&quot;gallery_layout&quot;:&quot;justified&quot;,&quot;ideal_row_height&quot;:{&quot;unit&quot;:&quot;px&quot;,&quot;size&quot;:210,&quot;sizes&quot;:[]},&quot;lazyload&quot;:&quot;yes&quot;,&quot;ideal_row_height_tablet&quot;:{&quot;unit&quot;:&quot;px&quot;,&quot;size&quot;:150,&quot;sizes&quot;:[]},&quot;ideal_row_height_mobile&quot;:{&quot;unit&quot;:&quot;px&quot;,&quot;size&quot;:150,&quot;sizes&quot;:[]},&quot;gap&quot;:{&quot;unit&quot;:&quot;px&quot;,&quot;size&quot;:10,&quot;sizes&quot;:[]},&quot;gap_tablet&quot;:{&quot;unit&quot;:&quot;px&quot;,&quot;size&quot;:10,&quot;sizes&quot;:[]},&quot;gap_mobile&quot;:{&quot;unit&quot;:&quot;px&quot;,&quot;size&quot;:10,&quot;sizes&quot;:[]},&quot;link_to&quot;:&quot;file&quot;,&quot;overlay_background&quot;:&quot;yes&quot;,&quot;content_hover_animation&quot;:&quot;fade-in&quot;}\" data-widget_type=\"gallery.default\">\n\t\t\t\t<div class=\"elementor-widget-container\">\n\t\t\t\t\t<div class=\"elementor-gallery__container\">\n\t\t\t\t\t\t\t<a class=\"e-gallery-item elementor-gallery-item elementor-animated-content\" href=\"https:\/\/vns.hcmussh.edu.vn\/wp-content\/uploads\/2024\/08\/Homestay-1536x864-1.jpg\" data-elementor-open-lightbox=\"yes\" data-elementor-lightbox-slideshow=\"1db784c\" data-elementor-lightbox-title=\"Homestay-1536x864\" data-e-action-hash=\"#elementor-action%3Aaction%3Dlightbox%26settings%3DeyJpZCI6MTYwNCwidXJsIjoiaHR0cHM6XC9cL3Zucy5oY211c3NoLmVkdS52blwvd3AtY29udGVudFwvdXBsb2Fkc1wvMjAyNFwvMDhcL0hvbWVzdGF5LTE1MzZ4ODY0LTEuanBnIiwic2xpZGVzaG93IjoiMWRiNzg0YyJ9\">\n\t\t\t\t\t<div class=\"e-gallery-image elementor-gallery-item__image\" data-thumbnail=\"https:\/\/vns.hcmussh.edu.vn\/wp-content\/uploads\/2024\/08\/Homestay-1536x864-1.jpg\" data-width=\"1536\" data-height=\"864\" aria-label=\"\" role=\"img\" ><\/div>\n\t\t\t\t\t\t\t\t\t\t\t<div class=\"elementor-gallery-item__overlay\"><\/div>\n\t\t\t\t\t\t\t\t\t\t\t\t\t\t<\/a>\n\t\t\t\t\t\t\t<a class=\"e-gallery-item elementor-gallery-item elementor-animated-content\" href=\"https:\/\/vns.hcmussh.edu.vn\/wp-content\/uploads\/2024\/08\/Cultural-Immersion-Activities-in-VNS.jpg\" data-elementor-open-lightbox=\"yes\" data-elementor-lightbox-slideshow=\"1db784c\" data-elementor-lightbox-title=\"Cultural-Immersion-Activities-in-VNS\" data-e-action-hash=\"#elementor-action%3Aaction%3Dlightbox%26settings%3DeyJpZCI6MTYwNSwidXJsIjoiaHR0cHM6XC9cL3Zucy5oY211c3NoLmVkdS52blwvd3AtY29udGVudFwvdXBsb2Fkc1wvMjAyNFwvMDhcL0N1bHR1cmFsLUltbWVyc2lvbi1BY3Rpdml0aWVzLWluLVZOUy5qcGciLCJzbGlkZXNob3ciOiIxZGI3ODRjIn0%3D\">\n\t\t\t\t\t<div class=\"e-gallery-image elementor-gallery-item__image\" data-thumbnail=\"https:\/\/vns.hcmussh.edu.vn\/wp-content\/uploads\/2024\/08\/Cultural-Immersion-Activities-in-VNS.jpg\" data-width=\"1280\" data-height=\"854\" aria-label=\"\" role=\"img\" ><\/div>\n\t\t\t\t\t\t\t\t\t\t\t<div class=\"elementor-gallery-item__overlay\"><\/div>\n\t\t\t\t\t\t\t\t\t\t\t\t\t\t<\/a>\n\t\t\t\t\t\t\t<a class=\"e-gallery-item elementor-gallery-item elementor-animated-content\" href=\"https:\/\/vns.hcmussh.edu.vn\/wp-content\/uploads\/2024\/08\/Homestay-Options-VNS.jpg\" data-elementor-open-lightbox=\"yes\" data-elementor-lightbox-slideshow=\"1db784c\" data-elementor-lightbox-title=\"Homestay-Options-VNS\" data-e-action-hash=\"#elementor-action%3Aaction%3Dlightbox%26settings%3DeyJpZCI6MjMwLCJ1cmwiOiJodHRwczpcL1wvdm5zLmhjbXVzc2guZWR1LnZuXC93cC1jb250ZW50XC91cGxvYWRzXC8yMDI0XC8wOFwvSG9tZXN0YXktT3B0aW9ucy1WTlMuanBnIiwic2xpZGVzaG93IjoiMWRiNzg0YyJ9\">\n\t\t\t\t\t<div class=\"e-gallery-image elementor-gallery-item__image\" data-thumbnail=\"https:\/\/vns.hcmussh.edu.vn\/wp-content\/uploads\/2024\/08\/Homestay-Options-VNS.jpg\" data-width=\"960\" data-height=\"640\" aria-label=\"\" role=\"img\" ><\/div>\n\t\t\t\t\t\t\t\t\t\t\t<div class=\"elementor-gallery-item__overlay\"><\/div>\n\t\t\t\t\t\t\t\t\t\t\t\t\t\t<\/a>\n\t\t\t\t\t<\/div>\n\t\t\t<\/div>\n\t\t\t\t<\/div>\n\t\t\t\t\t<\/div>\n\t\t<\/div>\n\t\t\t\t\t<\/div>\n\t\t<\/section>\n\t\t\t\t\t<\/div>\n\t\t<\/div>\n\t\t\t\t\t<\/div>\n\t\t<\/section>\n\t\t\t\t<\/div>\n\t\t","protected":false},"excerpt":{"rendered":"<p>B\u1ea1n \u0111ang t\u00ecm ki\u1ebfm m\u1ed9t tr\u1ea3i nghi\u1ec7m h\u1ecdc ti\u1ebfng Vi\u1ec7t th\u1ef1c t\u1ebf t\u1ea1i th\u00e0nh ph\u1ed1 H\u1ed3 Ch\u00ed Minh? D\u1ecbch v\u1ee5 homestay c\u1ee7a Trung t\u00e2m ti\u1ebfng Vi\u1ec7t, Khoa Vi\u1ec7t Nam h\u1ecdc l\u00e0 l\u1ef1a ch\u1ecdn ho\u00e0n h\u1ea3o d\u00e0nh cho b\u1ea1n. V\u00ec sao n\u00ean ch\u1ecdn d\u1ecbch v\u1ee5 homestay c\u1ee7a ch\u00fang t\u00f4i? H\u00f2a m\u00ecnh v\u00e0o v\u0103n h\u00f3a \u0111\u1ecba ph\u01b0\u01a1ng: S\u1ed1ng c\u00f9ng gia \u0111\u00ecnh ng\u01b0\u1eddi Vi\u1ec7t gi\u00fap b\u1ea1n c\u00f3 c\u01a1 h\u1ed9i tr\u1ea3i nghi\u1ec7m cu\u1ed9c s\u1ed1ng h\u00e0ng ng\u00e0y, t\u1eeb vi\u1ec7c n\u1ea5u \u0103n v\u00e0 c\u00e1c ho\u1ea1t \u0111\u1ed9ng v\u0103n h\u00f3a \u0111\u1ebfn giao ti\u1ebfp b\u1eb1ng ti\u1ebfng Vi\u1ec7t, gi\u00fap b\u1ea1n nhanh ch\u00f3ng c\u1ea3i thi\u1ec7n k\u1ef9 n\u0103ng ng\u00f4n ng\u1eef v\u00e0 hi\u1ec3u s\u00e2u h\u01a1n v\u1ec1 phong t\u1ee5c \u0111\u1ecba ph\u01b0\u01a1ng. M\u00f4i tr\u01b0\u1eddng h\u1ecdc t\u1eadp l\u00fd t\u01b0\u1edfng: C\u00e1c gia \u0111\u00ecnh homestay \u0111\u01b0\u1ee3c ch\u00fang t\u00f4i l\u1ef1a ch\u1ecdn k\u1ef9 l\u01b0\u1ee1ng, c\u1edfi m\u1edf v\u00e0 s\u1eb5n l\u00f2ng h\u1ed7 tr\u1ee3 b\u1ea1n trong qu\u00e1 tr\u00ecnh h\u1ecdc t\u1eadp. H\u1ecd kh\u00f4ng ch\u1ec9 l\u00e0 ng\u01b0\u1eddi \u0111\u1ed3ng h\u00e0nh m\u00e0 c\u00f2n l\u00e0 ng\u01b0\u1eddi th\u1ea7y, gi\u00fap b\u1ea1n luy\u1ec7n t\u1eadp ti\u1ebfng Vi\u1ec7t h\u00e0ng ng\u00e0y. Ti\u1ec7n nghi v\u00e0 an to\u00e0n: Ch\u00fang t\u00f4i \u0111\u1ea3m b\u1ea3o m\u1ecdi gia \u0111\u00ecnh homestay \u0111\u1ec1u cung c\u1ea5p m\u00f4i tr\u01b0\u1eddng s\u1ed1ng ti\u1ec7n nghi, s\u1ea1ch s\u1ebd v\u00e0 an to\u00e0n. B\u1ea1n s\u1ebd c\u00f3 ph\u00f2ng ri\u00eang v\u1edbi \u0111\u1ea7y \u0111\u1ee7 ti\u1ec7n nghi c\u1ea7n thi\u1ebft, t\u1ea1o c\u1ea3m gi\u00e1c tho\u1ea3i m\u00e1i nh\u01b0 \u1edf nh\u00e0. K\u1ebft n\u1ed1i v\u00e0 m\u1edf r\u1ed9ng m\u1ed1i quan h\u1ec7: S\u1ed1ng c\u00f9ng gia \u0111\u00ecnh Vi\u1ec7t Nam gi\u00fap b\u1ea1n x\u00e2y d\u1ef1ng m\u1ed1i quan h\u1ec7 b\u1ec1n v\u1eefng kh\u00f4ng ch\u1ec9 v\u1edbi gia \u0111\u00ecnh homestay m\u00e0 c\u00f2n v\u1edbi h\u00e0ng x\u00f3m v\u00e0 b\u1ea1n b\u00e8 \u0111\u1ecba ph\u01b0\u01a1ng. \u0110\u00e2y l\u00e0 c\u01a1 h\u1ed9i tuy\u1ec7t v\u1eddi \u0111\u1ec3 m\u1edf r\u1ed9ng m\u1ea1ng l\u01b0\u1edbi x\u00e3 h\u1ed9i v\u00e0 h\u1ecdc h\u1ecfi th\u00eam nhi\u1ec1u \u0111i\u1ec1u m\u1edbi m\u1ebb. H\u1ed7 tr\u1ee3 t\u1eadn t\u00e2m: D\u1ecbch v\u1ee5 homestay c\u1ee7a ch\u00fang t\u00f4i lu\u00f4n s\u1eb5n s\u00e0ng h\u1ed7 tr\u1ee3 b\u1ea1n 24\/7. M\u1ecdi th\u1eafc m\u1eafc hay kh\u00f3 kh\u0103n b\u1ea1n g\u1eb7p ph\u1ea3i s\u1ebd \u0111\u01b0\u1ee3c gi\u1ea3i quy\u1ebft nhanh ch\u00f3ng, \u0111\u1ea3m b\u1ea3o b\u1ea1n c\u00f3 tr\u1ea3i nghi\u1ec7m h\u1ecdc t\u1eadp v\u00e0 sinh ho\u1ea1t t\u1ed1t nh\u1ea5t. H\u00e3y tham gia d\u1ecbch v\u1ee5 homestay c\u1ee7a Trung t\u00e2m ti\u1ebfng Vi\u1ec7t cho ng\u01b0\u1eddi n\u01b0\u1edbc ngo\u00e0i \u0111\u1ec3 tr\u1ea3i nghi\u1ec7m m\u1ed9t h\u00e0nh tr\u00ecnh h\u1ecdc t\u1eadp v\u00e0 kh\u00e1m ph\u00e1 tuy\u1ec7t v\u1eddi. Ch\u00fang t\u00f4i cam k\u1ebft mang \u0111\u1ebfn cho b\u1ea1n kh\u00f4ng ch\u1ec9 ki\u1ebfn th\u1ee9c ng\u00f4n ng\u1eef m\u00e0 c\u00f2n l\u00e0 nh\u1eefng k\u1ef7 ni\u1ec7m \u0111\u00e1ng nh\u1edb v\u1ec1 v\u0103n h\u00f3a v\u00e0 con ng\u01b0\u1eddi Vi\u1ec7t Nam.<\/p>\n","protected":false},"author":2,"featured_media":0,"parent":0,"menu_order":0,"comment_status":"closed","ping_status":"closed","template":"","meta":{"_acf_changed":false,"footnotes":""},"class_list":["post-1601","page","type-page","status-publish","hentry"],"acf":[],"_links":{"self":[{"href":"https:\/\/vns.hcmussh.edu.vn\/index.php\/wp-json\/wp\/v2\/pages\/1601","targetHints":{"allow":["GET"]}}],"collection":[{"href":"https:\/\/vns.hcmussh.edu.vn\/index.php\/wp-json\/wp\/v2\/pages"}],"about":[{"href":"https:\/\/vns.hcmussh.edu.vn\/index.php\/wp-json\/wp\/v2\/types\/page"}],"author":[{"embeddable":true,"href":"https:\/\/vns.hcmussh.edu.vn\/index.php\/wp-json\/wp\/v2\/users\/2"}],"replies":[{"embeddable":true,"href":"https:\/\/vns.hcmussh.edu.vn\/index.php\/wp-json\/wp\/v2\/comments?post=1601"}],"version-history":[{"count":4,"href":"https:\/\/vns.hcmussh.edu.vn\/index.php\/wp-json\/wp\/v2\/pages\/1601\/revisions"}],"predecessor-version":[{"id":1609,"href":"https:\/\/vns.hcmussh.edu.vn\/index.php\/wp-json\/wp\/v2\/pages\/1601\/revisions\/1609"}],"wp:attachment":[{"href":"https:\/\/vns.hcmussh.edu.vn\/index.php\/wp-json\/wp\/v2\/media?parent=1601"}],"curies":[{"name":"wp","href":"https:\/\/api.w.org\/{rel}","templated":true}]}}