{"id":1778,"date":"2024-08-26T14:15:58","date_gmt":"2024-08-26T07:15:58","guid":{"rendered":"https:\/\/vnstest.hcmussh.edu.vn\/?page_id=1778"},"modified":"2024-08-26T14:16:54","modified_gmt":"2024-08-26T07:16:54","slug":"ky-thi-nang-luc-tieng-viet","status":"publish","type":"page","link":"https:\/\/vns.hcmussh.edu.vn\/index.php\/vi\/ky-thi-nang-luc-tieng-viet\/","title":{"rendered":"K\u1ef2 THI N\u0102NG L\u1ef0C TI\u1ebeNG VI\u1ec6T"},"content":{"rendered":"\t\t<div data-elementor-type=\"wp-page\" data-elementor-id=\"1778\" class=\"elementor elementor-1778\" data-elementor-post-type=\"page\">\n\t\t\t\t\t\t<section class=\"elementor-section elementor-top-section elementor-element elementor-element-294ea4f elementor-section-boxed elementor-section-height-default elementor-section-height-default wpr-particle-no wpr-jarallax-no wpr-parallax-no wpr-sticky-section-no\" data-id=\"294ea4f\" data-element_type=\"section\">\n\t\t\t\t\t\t<div class=\"elementor-container elementor-column-gap-default\">\n\t\t\t\t\t<div class=\"elementor-column elementor-col-100 elementor-top-column elementor-element elementor-element-8313932\" data-id=\"8313932\" data-element_type=\"column\">\n\t\t\t<div class=\"elementor-widget-wrap elementor-element-populated\">\n\t\t\t\t\t\t<section class=\"elementor-section elementor-inner-section elementor-element elementor-element-986f47a elementor-section-boxed elementor-section-height-default elementor-section-height-default wpr-particle-no wpr-jarallax-no wpr-parallax-no wpr-sticky-section-no\" data-id=\"986f47a\" data-element_type=\"section\">\n\t\t\t\t\t\t<div class=\"elementor-container elementor-column-gap-default\">\n\t\t\t\t\t<div class=\"elementor-column elementor-col-100 elementor-inner-column elementor-element elementor-element-a5655de\" data-id=\"a5655de\" data-element_type=\"column\">\n\t\t\t<div class=\"elementor-widget-wrap elementor-element-populated\">\n\t\t\t\t\t\t<div class=\"elementor-element elementor-element-3ce30a0 elementor-widget elementor-widget-text-editor\" data-id=\"3ce30a0\" data-element_type=\"widget\" data-widget_type=\"text-editor.default\">\n\t\t\t\t<div class=\"elementor-widget-container\">\n\t\t\t\t\t\t\t<p>K\u1ef3 thi n\u0103ng l\u1ef1c ti\u1ebfng Vi\u1ec7t l\u00e0 m\u1ed9t k\u1ef3 thi c\u00f3 gi\u00e1 tr\u1ecb r\u1ed9ng r\u00e3i, \u0111\u01b0\u1ee3c c\u00f4ng nh\u1eadn b\u1edfi nhi\u1ec1u t\u1ed5 ch\u1ee9c v\u00e0 c\u00f4ng ty l\u1edbn. \u0110\u00e2y l\u00e0 \u0111i\u1ec1u ki\u1ec7n ti\u00ean quy\u1ebft \u0111\u1ec3 b\u1ea1n c\u00f3 th\u1ec3 v\u00e0o l\u00e0m vi\u1ec7c t\u1ea1i c\u00e1c t\u1eadp \u0111o\u00e0n h\u00e0ng \u0111\u1ea7u, n\u01a1i y\u00eau c\u1ea7u tr\u00ecnh \u0111\u1ed9 ti\u1ebfng Vi\u1ec7t cao \u0111\u1ec3 th\u1ef1c hi\u1ec7n c\u00e1c nhi\u1ec7m v\u1ee5 c\u00f4ng vi\u1ec7c chuy\u00ean m\u00f4n. Ngo\u00e0i ra, k\u1ef3 thi n\u00e0y c\u00f2n l\u00e0 y\u00eau c\u1ea7u b\u1eaft bu\u1ed9c \u0111\u1ed1i v\u1edbi nh\u1eefng ai mong mu\u1ed1n theo h\u1ecdc c\u00e1c ch\u01b0\u01a1ng tr\u00ecnh \u0111\u1ea1i h\u1ecdc v\u00e0 sau \u0111\u1ea1i h\u1ecdc t\u1ea1i Vi\u1ec7t Nam. Trung t\u00e2m ch\u00fang t\u00f4i th\u01b0\u1eddng xuy\u00ean t\u1ed5 ch\u1ee9c c\u00e1c k\u1ef3 thi n\u0103ng l\u1ef1c ti\u1ebfng Vi\u1ec7t v\u00e0o c\u00e1c th\u00e1ng 3, 5, 7, 9 v\u00e0 11 h\u00e0ng n\u0103m, t\u1ea1o c\u01a1 h\u1ed9i cho b\u1ea1n ch\u1ee9ng t\u1ecf n\u0103ng l\u1ef1c ti\u1ebfng Vi\u1ec7t c\u1ee7a m\u00ecnh v\u00e0 m\u1edf ra nhi\u1ec1u c\u01a1 h\u1ed9i ngh\u1ec1 nghi\u1ec7p v\u00e0 h\u1ecdc t\u1eadp.<\/p>\t\t\t\t\t\t<\/div>\n\t\t\t\t<\/div>\n\t\t\t\t\t<\/div>\n\t\t<\/div>\n\t\t\t\t\t<\/div>\n\t\t<\/section>\n\t\t\t\t\t<\/div>\n\t\t<\/div>\n\t\t\t\t\t<\/div>\n\t\t<\/section>\n\t\t\t\t<\/div>\n\t\t","protected":false},"excerpt":{"rendered":"<p>K\u1ef3 thi n\u0103ng l\u1ef1c ti\u1ebfng Vi\u1ec7t l\u00e0 m\u1ed9t k\u1ef3 thi c\u00f3 gi\u00e1 tr\u1ecb r\u1ed9ng r\u00e3i, \u0111\u01b0\u1ee3c c\u00f4ng nh\u1eadn b\u1edfi nhi\u1ec1u t\u1ed5 ch\u1ee9c v\u00e0 c\u00f4ng ty l\u1edbn. \u0110\u00e2y l\u00e0 \u0111i\u1ec1u ki\u1ec7n ti\u00ean quy\u1ebft \u0111\u1ec3 b\u1ea1n c\u00f3 th\u1ec3 v\u00e0o l\u00e0m vi\u1ec7c t\u1ea1i c\u00e1c t\u1eadp \u0111o\u00e0n h\u00e0ng \u0111\u1ea7u, n\u01a1i y\u00eau c\u1ea7u tr\u00ecnh \u0111\u1ed9 ti\u1ebfng Vi\u1ec7t cao \u0111\u1ec3 th\u1ef1c hi\u1ec7n c\u00e1c nhi\u1ec7m v\u1ee5 c\u00f4ng vi\u1ec7c chuy\u00ean m\u00f4n. Ngo\u00e0i ra, k\u1ef3 thi n\u00e0y c\u00f2n l\u00e0 y\u00eau c\u1ea7u b\u1eaft bu\u1ed9c \u0111\u1ed1i v\u1edbi nh\u1eefng ai mong mu\u1ed1n theo h\u1ecdc c\u00e1c ch\u01b0\u01a1ng tr\u00ecnh \u0111\u1ea1i h\u1ecdc v\u00e0 sau \u0111\u1ea1i h\u1ecdc t\u1ea1i Vi\u1ec7t Nam. Trung t\u00e2m ch\u00fang t\u00f4i th\u01b0\u1eddng xuy\u00ean t\u1ed5 ch\u1ee9c c\u00e1c k\u1ef3 thi n\u0103ng l\u1ef1c ti\u1ebfng Vi\u1ec7t v\u00e0o c\u00e1c th\u00e1ng 3, 5, 7, 9 v\u00e0 11 h\u00e0ng n\u0103m, t\u1ea1o c\u01a1 h\u1ed9i cho b\u1ea1n ch\u1ee9ng t\u1ecf n\u0103ng l\u1ef1c ti\u1ebfng Vi\u1ec7t c\u1ee7a m\u00ecnh v\u00e0 m\u1edf ra nhi\u1ec1u c\u01a1 h\u1ed9i ngh\u1ec1 nghi\u1ec7p v\u00e0 h\u1ecdc t\u1eadp.<\/p>\n","protected":false},"author":2,"featured_media":0,"parent":0,"menu_order":0,"comment_status":"closed","ping_status":"closed","template":"","meta":{"_acf_changed":false,"footnotes":""},"class_list":["post-1778","page","type-page","status-publish","hentry"],"acf":[],"_links":{"self":[{"href":"https:\/\/vns.hcmussh.edu.vn\/index.php\/wp-json\/wp\/v2\/pages\/1778","targetHints":{"allow":["GET"]}}],"collection":[{"href":"https:\/\/vns.hcmussh.edu.vn\/index.php\/wp-json\/wp\/v2\/pages"}],"about":[{"href":"https:\/\/vns.hcmussh.edu.vn\/index.php\/wp-json\/wp\/v2\/types\/page"}],"author":[{"embeddable":true,"href":"https:\/\/vns.hcmussh.edu.vn\/index.php\/wp-json\/wp\/v2\/users\/2"}],"replies":[{"embeddable":true,"href":"https:\/\/vns.hcmussh.edu.vn\/index.php\/wp-json\/wp\/v2\/comments?post=1778"}],"version-history":[{"count":4,"href":"https:\/\/vns.hcmussh.edu.vn\/index.php\/wp-json\/wp\/v2\/pages\/1778\/revisions"}],"predecessor-version":[{"id":1782,"href":"https:\/\/vns.hcmussh.edu.vn\/index.php\/wp-json\/wp\/v2\/pages\/1778\/revisions\/1782"}],"wp:attachment":[{"href":"https:\/\/vns.hcmussh.edu.vn\/index.php\/wp-json\/wp\/v2\/media?parent=1778"}],"curies":[{"name":"wp","href":"https:\/\/api.w.org\/{rel}","templated":true}]}}