{"id":1810,"date":"2024-08-26T14:22:27","date_gmt":"2024-08-26T07:22:27","guid":{"rendered":"https:\/\/vnstest.hcmussh.edu.vn\/?page_id=1810"},"modified":"2024-08-26T14:23:08","modified_gmt":"2024-08-26T07:23:08","slug":"chuong-trinh-hoc-da-dang-2","status":"publish","type":"page","link":"https:\/\/vns.hcmussh.edu.vn\/index.php\/vi\/chuong-trinh-hoc-da-dang-2\/","title":{"rendered":"CH\u01af\u01a0NG TR\u00ccNH H\u1eccC \u0110A D\u1ea0NG"},"content":{"rendered":"\t\t<div data-elementor-type=\"wp-page\" data-elementor-id=\"1810\" class=\"elementor elementor-1810\" data-elementor-post-type=\"page\">\n\t\t\t\t\t\t<section class=\"elementor-section elementor-top-section elementor-element elementor-element-dba175b elementor-section-boxed elementor-section-height-default elementor-section-height-default wpr-particle-no wpr-jarallax-no wpr-parallax-no wpr-sticky-section-no\" data-id=\"dba175b\" data-element_type=\"section\">\n\t\t\t\t\t\t<div class=\"elementor-container elementor-column-gap-default\">\n\t\t\t\t\t<div class=\"elementor-column elementor-col-100 elementor-top-column elementor-element elementor-element-03bc830\" data-id=\"03bc830\" data-element_type=\"column\">\n\t\t\t<div class=\"elementor-widget-wrap elementor-element-populated\">\n\t\t\t\t\t\t<section class=\"elementor-section elementor-inner-section elementor-element elementor-element-a9cbf01 elementor-section-boxed elementor-section-height-default elementor-section-height-default wpr-particle-no wpr-jarallax-no wpr-parallax-no wpr-sticky-section-no\" data-id=\"a9cbf01\" data-element_type=\"section\">\n\t\t\t\t\t\t<div class=\"elementor-container elementor-column-gap-default\">\n\t\t\t\t\t<div class=\"elementor-column elementor-col-100 elementor-inner-column elementor-element elementor-element-7cfcf52\" data-id=\"7cfcf52\" data-element_type=\"column\">\n\t\t\t<div class=\"elementor-widget-wrap elementor-element-populated\">\n\t\t\t\t\t\t<div class=\"elementor-element elementor-element-e88f9a9 elementor-widget elementor-widget-text-editor\" data-id=\"e88f9a9\" data-element_type=\"widget\" data-widget_type=\"text-editor.default\">\n\t\t\t\t<div class=\"elementor-widget-container\">\n\t\t\t\t\t\t\t<p>Trung t\u00e2m ch\u00fang t\u00f4i t\u1ef1 h\u00e0o mang \u0111\u1ebfn m\u1ed9t ch\u01b0\u01a1ng tr\u00ecnh h\u1ecdc \u0111a d\u1ea1ng, \u0111\u00e1p \u1ee9ng m\u1ecdi nhu c\u1ea7u h\u1ecdc t\u1eadp c\u1ee7a h\u1ecdc vi\u00ean. Ngo\u00e0i c\u00e1c kh\u00f3a h\u1ecdc c\u1ed1 \u0111\u1ecbnh t\u1eadp trung v\u00e0o c\u00e1c k\u1ef9 n\u0103ng c\u01a1 b\u1ea3n, ch\u00fang t\u00f4i c\u00f2n cung c\u1ea5p nh\u1eefng kh\u00f3a h\u1ecdc \u0111\u01b0\u1ee3c thi\u1ebft k\u1ebf ri\u00eang cho nh\u1eefng m\u1ee5c \u0111\u00edch h\u1ecdc t\u1eadp \u0111\u1eb7c bi\u1ec7t. B\u1ea1n c\u00f3 th\u1ec3 tham gia c\u00e1c kh\u00f3a luy\u1ec7n thi n\u0103ng l\u1ef1c ti\u1ebfng Vi\u1ec7t, gi\u00fap b\u1ea1n chu\u1ea9n b\u1ecb t\u1ed1t nh\u1ea5t cho c\u00e1c k\u1ef3 thi quan tr\u1ecdng. Ch\u00fang t\u00f4i c\u0169ng c\u00f3 c\u00e1c kh\u00f3a h\u1ecdc ng\u1eef ph\u00e1p chuy\u00ean s\u00e2u, gi\u00fap b\u1ea1n hi\u1ec3u r\u00f5 h\u01a1n v\u1ec1 c\u1ea5u tr\u00fac v\u00e0 quy t\u1eafc ng\u1eef ph\u00e1p ti\u1ebfng Vi\u1ec7t. Ngo\u00e0i ra, trung t\u00e2m c\u00f2n cung c\u1ea5p c\u00e1c kh\u00f3a luy\u1ec7n k\u1ef9 n\u0103ng Nghe &#8211; N\u00f3i, \u0110\u1ecdc &#8211; Vi\u1ebft, v\u00e0 c\u00e1c kh\u00f3a ti\u1ebfng Vi\u1ec7t chuy\u00ean ng\u00e0nh, ph\u00f9 h\u1ee3p v\u1edbi nh\u1eefng ai c\u1ea7n s\u1eed d\u1ee5ng ti\u1ebfng Vi\u1ec7t trong c\u00e1c l\u0129nh v\u1ef1c chuy\u00ean m\u00f4n. V\u1edbi c\u00e1c kh\u00f3a h\u1ecdc n\u00e0y, b\u1ea1n s\u1ebd nh\u1eadn \u0111\u01b0\u1ee3c s\u1ef1 h\u1ed7 tr\u1ee3 t\u1eadn t\u00ecnh t\u1eeb \u0111\u1ed9i ng\u0169 gi\u1ea3ng vi\u00ean gi\u00e0u kinh nghi\u1ec7m, gi\u00fap b\u1ea1n \u0111\u1ea1t \u0111\u01b0\u1ee3c m\u1ee5c ti\u00eau h\u1ecdc t\u1eadp c\u1ee7a m\u00ecnh.<\/p>\t\t\t\t\t\t<\/div>\n\t\t\t\t<\/div>\n\t\t\t\t\t<\/div>\n\t\t<\/div>\n\t\t\t\t\t<\/div>\n\t\t<\/section>\n\t\t\t\t\t<\/div>\n\t\t<\/div>\n\t\t\t\t\t<\/div>\n\t\t<\/section>\n\t\t\t\t<\/div>\n\t\t","protected":false},"excerpt":{"rendered":"<p>Trung t\u00e2m ch\u00fang t\u00f4i t\u1ef1 h\u00e0o mang \u0111\u1ebfn m\u1ed9t ch\u01b0\u01a1ng tr\u00ecnh h\u1ecdc \u0111a d\u1ea1ng, \u0111\u00e1p \u1ee9ng m\u1ecdi nhu c\u1ea7u h\u1ecdc t\u1eadp c\u1ee7a h\u1ecdc vi\u00ean. Ngo\u00e0i c\u00e1c kh\u00f3a h\u1ecdc c\u1ed1 \u0111\u1ecbnh t\u1eadp trung v\u00e0o c\u00e1c k\u1ef9 n\u0103ng c\u01a1 b\u1ea3n, ch\u00fang t\u00f4i c\u00f2n cung c\u1ea5p nh\u1eefng kh\u00f3a h\u1ecdc \u0111\u01b0\u1ee3c thi\u1ebft k\u1ebf ri\u00eang cho nh\u1eefng m\u1ee5c \u0111\u00edch h\u1ecdc t\u1eadp \u0111\u1eb7c bi\u1ec7t. B\u1ea1n c\u00f3 th\u1ec3 tham gia c\u00e1c kh\u00f3a luy\u1ec7n thi n\u0103ng l\u1ef1c ti\u1ebfng Vi\u1ec7t, gi\u00fap b\u1ea1n chu\u1ea9n b\u1ecb t\u1ed1t nh\u1ea5t cho c\u00e1c k\u1ef3 thi quan tr\u1ecdng. Ch\u00fang t\u00f4i c\u0169ng c\u00f3 c\u00e1c kh\u00f3a h\u1ecdc ng\u1eef ph\u00e1p chuy\u00ean s\u00e2u, gi\u00fap b\u1ea1n hi\u1ec3u r\u00f5 h\u01a1n v\u1ec1 c\u1ea5u tr\u00fac v\u00e0 quy t\u1eafc ng\u1eef ph\u00e1p ti\u1ebfng Vi\u1ec7t. Ngo\u00e0i ra, trung t\u00e2m c\u00f2n cung c\u1ea5p c\u00e1c kh\u00f3a luy\u1ec7n k\u1ef9 n\u0103ng Nghe &#8211; N\u00f3i, \u0110\u1ecdc &#8211; Vi\u1ebft, v\u00e0 c\u00e1c kh\u00f3a ti\u1ebfng Vi\u1ec7t chuy\u00ean ng\u00e0nh, ph\u00f9 h\u1ee3p v\u1edbi nh\u1eefng ai c\u1ea7n s\u1eed d\u1ee5ng ti\u1ebfng Vi\u1ec7t trong c\u00e1c l\u0129nh v\u1ef1c chuy\u00ean m\u00f4n. V\u1edbi c\u00e1c kh\u00f3a h\u1ecdc n\u00e0y, b\u1ea1n s\u1ebd nh\u1eadn \u0111\u01b0\u1ee3c s\u1ef1 h\u1ed7 tr\u1ee3 t\u1eadn t\u00ecnh t\u1eeb \u0111\u1ed9i ng\u0169 gi\u1ea3ng vi\u00ean gi\u00e0u kinh nghi\u1ec7m, gi\u00fap b\u1ea1n \u0111\u1ea1t \u0111\u01b0\u1ee3c m\u1ee5c ti\u00eau h\u1ecdc t\u1eadp c\u1ee7a m\u00ecnh.<\/p>\n","protected":false},"author":2,"featured_media":0,"parent":0,"menu_order":0,"comment_status":"closed","ping_status":"closed","template":"","meta":{"_acf_changed":false,"footnotes":""},"class_list":["post-1810","page","type-page","status-publish","hentry"],"acf":[],"_links":{"self":[{"href":"https:\/\/vns.hcmussh.edu.vn\/index.php\/wp-json\/wp\/v2\/pages\/1810","targetHints":{"allow":["GET"]}}],"collection":[{"href":"https:\/\/vns.hcmussh.edu.vn\/index.php\/wp-json\/wp\/v2\/pages"}],"about":[{"href":"https:\/\/vns.hcmussh.edu.vn\/index.php\/wp-json\/wp\/v2\/types\/page"}],"author":[{"embeddable":true,"href":"https:\/\/vns.hcmussh.edu.vn\/index.php\/wp-json\/wp\/v2\/users\/2"}],"replies":[{"embeddable":true,"href":"https:\/\/vns.hcmussh.edu.vn\/index.php\/wp-json\/wp\/v2\/comments?post=1810"}],"version-history":[{"count":4,"href":"https:\/\/vns.hcmussh.edu.vn\/index.php\/wp-json\/wp\/v2\/pages\/1810\/revisions"}],"predecessor-version":[{"id":1814,"href":"https:\/\/vns.hcmussh.edu.vn\/index.php\/wp-json\/wp\/v2\/pages\/1810\/revisions\/1814"}],"wp:attachment":[{"href":"https:\/\/vns.hcmussh.edu.vn\/index.php\/wp-json\/wp\/v2\/media?parent=1810"}],"curies":[{"name":"wp","href":"https:\/\/api.w.org\/{rel}","templated":true}]}}