{"id":2576,"date":"2024-09-06T14:12:33","date_gmt":"2024-09-06T07:12:33","guid":{"rendered":"https:\/\/vnstest.hcmussh.edu.vn\/?page_id=2576"},"modified":"2025-03-07T08:19:32","modified_gmt":"2025-03-07T01:19:32","slug":"cultural-courses","status":"publish","type":"page","link":"https:\/\/vns.hcmussh.edu.vn\/index.php\/cultural-courses\/","title":{"rendered":"CULTURAL COURSES"},"content":{"rendered":"\t\t<div data-elementor-type=\"wp-page\" data-elementor-id=\"2576\" class=\"elementor elementor-2576\" data-elementor-post-type=\"page\">\n\t\t\t\t\t\t<section class=\"elementor-section elementor-top-section elementor-element elementor-element-361c64a elementor-section-boxed elementor-section-height-default elementor-section-height-default wpr-particle-no wpr-jarallax-no wpr-parallax-no wpr-sticky-section-no\" data-id=\"361c64a\" data-element_type=\"section\" data-settings=\"{&quot;background_background&quot;:&quot;classic&quot;}\">\n\t\t\t\t\t\t<div class=\"elementor-container elementor-column-gap-default\">\n\t\t\t\t\t<div class=\"elementor-column elementor-col-50 elementor-top-column elementor-element elementor-element-11bbf4b\" data-id=\"11bbf4b\" data-element_type=\"column\">\n\t\t\t<div class=\"elementor-widget-wrap elementor-element-populated\">\n\t\t\t\t\t\t<div class=\"elementor-element elementor-element-166fb86 elementor-widget elementor-widget-heading\" data-id=\"166fb86\" data-element_type=\"widget\" data-widget_type=\"heading.default\">\n\t\t\t\t<div class=\"elementor-widget-container\">\n\t\t\t<h3 class=\"elementor-heading-title elementor-size-default\">KH\u00d3A H\u1eccC \nV\u0102N H\u00d3A - PHONG T\u1ee4C VI\u1ec6T NAM D\u00c0NH CHO NG\u01af\u1edcI N\u01af\u1edaC NGO\u00c0I<\/h3>\t\t<\/div>\n\t\t\t\t<\/div>\n\t\t\t\t<div class=\"elementor-element elementor-element-a2d5254 elementor-widget__width-initial elementor-widget elementor-widget-text-editor\" data-id=\"a2d5254\" data-element_type=\"widget\" data-widget_type=\"text-editor.default\">\n\t\t\t\t<div class=\"elementor-widget-container\">\n\t\t\t\t\t\t\t<p style=\"text-align: left;\">B\u1ea1n y\u00eau th\u00edch kh\u00e1m ph\u00e1 v\u0103n h\u00f3a? B\u1ea1n mu\u1ed1n hi\u1ec3u s\u00e2u h\u01a1n v\u1ec1 phong t\u1ee5c, t\u1eadp qu\u00e1n v\u00e0 l\u1ed1i s\u1ed1ng c\u1ee7a ng\u01b0\u1eddi Vi\u1ec7t? Kh\u00f3a h\u1ecdc &#8220;V\u0103n h\u00f3a &#8211; Phong t\u1ee5c Vi\u1ec7t Nam&#8221; ch\u00ednh l\u00e0 c\u00e1nh c\u1eeda gi\u00fap b\u1ea1n b\u01b0\u1edbc v\u00e0o th\u1ebf gi\u1edbi v\u0103n h\u00f3a \u0111\u1ea7y m\u00e0u s\u1eafc c\u1ee7a \u0111\u1ea5t n\u01b0\u1edbc n\u00e0y.<br \/>Gi\u1ea3ng d\u1ea1y ho\u00e0n to\u00e0n b\u1eb1ng ti\u1ebfng Anh (k\u1ebft h\u1ee3p m\u1ed9t s\u1ed1 t\u1eeb v\u1ef1ng ti\u1ebfng Vi\u1ec7t c\u01a1 b\u1ea3n), ch\u01b0\u01a1ng tr\u00ecnh bao g\u1ed3m ba chuy\u00ean \u0111\u1ec1 \u0111\u1ed9c \u0111\u00e1o, m\u1ed7i chuy\u00ean \u0111\u1ec1 k\u00e9o d\u00e0i 20 ti\u1ebft h\u1ecdc (t\u01b0\u01a1ng \u0111\u01b0\u01a1ng 1 &#8211; 2 tu\u1ea7n). H\u1ecdc vi\u00ean kh\u00f4ng ch\u1ec9 ti\u1ebfp thu ki\u1ebfn th\u1ee9c l\u00fd thuy\u1ebft m\u00e0 c\u00f2n tr\u1ef1c ti\u1ebfp tr\u1ea3i nghi\u1ec7m nh\u1eefng n\u00e9t v\u0103n h\u00f3a \u0111\u1eb7c tr\u01b0ng th\u00f4ng qua c\u00e1c ho\u1ea1t \u0111\u1ed9ng th\u1ef1c t\u1ebf.<br \/>B\u1ea1n s\u1ebd \u0111\u01b0\u1ee3c kh\u00e1m ph\u00e1 ngh\u1ec7 thu\u1eadt \u1ea9m th\u1ef1c Vi\u1ec7t Nam, h\u1ecdc c\u00e1ch ch\u1ebf bi\u1ebfn m\u00f3n \u0103n truy\u1ec1n th\u1ed1ng, t\u00ecm hi\u1ec3u v\u1ec1 phong t\u1ee5c t\u1eadp qu\u00e1n nh\u01b0 l\u1ec5 T\u1ebft, c\u01b0\u1edbi h\u1ecfi, t\u00edn ng\u01b0\u1ee1ng v\u00e0 tham quan c\u00e1c di t\u00edch v\u0103n h\u00f3a l\u1ecbch s\u1eed. \u0110\u1eb7c bi\u1ec7t, kh\u00f3a h\u1ecdc c\u00f2n mang \u0111\u1ebfn c\u01a1 h\u1ed9i tham gia v\u00e0o c\u00e1c ho\u1ea1t \u0111\u1ed9ng th\u1ee7 c\u00f4ng truy\u1ec1n th\u1ed1ng nh\u01b0 l\u00e0m g\u1ed1m, d\u1ec7t l\u1ee5a v\u00e0 tranh d\u00e2n gian d\u01b0\u1edbi s\u1ef1 h\u01b0\u1edbng d\u1eabn c\u1ee7a c\u00e1c ngh\u1ec7 nh\u00e2n.<br \/>Sau khi ho\u00e0n th\u00e0nh m\u1ed7i chuy\u00ean \u0111\u1ec1, b\u1ea1n s\u1ebd nh\u1eadn \u0111\u01b0\u1ee3c gi\u1ea5y ch\u1ee9ng nh\u1eadn, x\u00e1c nh\u1eadn qu\u00e1 tr\u00ecnh h\u1ecdc t\u1eadp v\u00e0 tr\u1ea3i nghi\u1ec7m v\u0103n h\u00f3a Vi\u1ec7t Nam. H\u00e3y \u0111\u1ec3 h\u00e0nh tr\u00ecnh kh\u00e1m ph\u00e1 v\u0103n h\u00f3a Vi\u1ec7t tr\u1edf th\u00e0nh m\u1ed9t ph\u1ea7n \u0111\u00e1ng nh\u1edb trong chuy\u1ebfn \u0111i c\u1ee7a b\u1ea1n!<\/p>\t\t\t\t\t\t<\/div>\n\t\t\t\t<\/div>\n\t\t\t\t\t<\/div>\n\t\t<\/div>\n\t\t\t\t<div class=\"elementor-column elementor-col-50 elementor-top-column elementor-element elementor-element-281ea53\" data-id=\"281ea53\" data-element_type=\"column\">\n\t\t\t<div class=\"elementor-widget-wrap elementor-element-populated\">\n\t\t\t\t\t\t<section class=\"elementor-section elementor-inner-section elementor-element elementor-element-c9505e8 elementor-section-boxed elementor-section-height-default elementor-section-height-default wpr-particle-no wpr-jarallax-no wpr-parallax-no wpr-sticky-section-no\" data-id=\"c9505e8\" data-element_type=\"section\">\n\t\t\t\t\t\t<div class=\"elementor-container elementor-column-gap-default\">\n\t\t\t\t\t<div class=\"elementor-column elementor-col-100 elementor-inner-column elementor-element elementor-element-0e0eb3d\" data-id=\"0e0eb3d\" data-element_type=\"column\">\n\t\t\t<div class=\"elementor-widget-wrap\">\n\t\t\t\t\t\t\t<\/div>\n\t\t<\/div>\n\t\t\t\t\t<\/div>\n\t\t<\/section>\n\t\t\t\t\t<\/div>\n\t\t<\/div>\n\t\t\t\t\t<\/div>\n\t\t<\/section>\n\t\t\t\t<\/div>\n\t\t","protected":false},"excerpt":{"rendered":"<p>KH\u00d3A H\u1eccC V\u0102N H\u00d3A &#8211; PHONG T\u1ee4C VI\u1ec6T NAM D\u00c0NH CHO NG\u01af\u1edcI N\u01af\u1edaC NGO\u00c0I B\u1ea1n y\u00eau th\u00edch kh\u00e1m ph\u00e1 v\u0103n h\u00f3a? B\u1ea1n mu\u1ed1n hi\u1ec3u s\u00e2u h\u01a1n v\u1ec1 phong t\u1ee5c, t\u1eadp qu\u00e1n v\u00e0 l\u1ed1i s\u1ed1ng c\u1ee7a ng\u01b0\u1eddi Vi\u1ec7t? Kh\u00f3a h\u1ecdc &#8220;V\u0103n h\u00f3a &#8211; Phong t\u1ee5c Vi\u1ec7t Nam&#8221; ch\u00ednh l\u00e0 c\u00e1nh c\u1eeda gi\u00fap b\u1ea1n b\u01b0\u1edbc v\u00e0o th\u1ebf gi\u1edbi v\u0103n h\u00f3a \u0111\u1ea7y m\u00e0u s\u1eafc c\u1ee7a \u0111\u1ea5t n\u01b0\u1edbc n\u00e0y.Gi\u1ea3ng d\u1ea1y ho\u00e0n to\u00e0n b\u1eb1ng ti\u1ebfng Anh (k\u1ebft h\u1ee3p m\u1ed9t s\u1ed1 t\u1eeb v\u1ef1ng ti\u1ebfng Vi\u1ec7t c\u01a1 b\u1ea3n), ch\u01b0\u01a1ng tr\u00ecnh bao g\u1ed3m ba chuy\u00ean \u0111\u1ec1 \u0111\u1ed9c \u0111\u00e1o, m\u1ed7i chuy\u00ean \u0111\u1ec1 k\u00e9o d\u00e0i 20 ti\u1ebft h\u1ecdc (t\u01b0\u01a1ng \u0111\u01b0\u01a1ng 1 &#8211; 2 tu\u1ea7n). H\u1ecdc vi\u00ean kh\u00f4ng ch\u1ec9 ti\u1ebfp thu ki\u1ebfn th\u1ee9c l\u00fd thuy\u1ebft m\u00e0 c\u00f2n tr\u1ef1c ti\u1ebfp tr\u1ea3i nghi\u1ec7m nh\u1eefng n\u00e9t v\u0103n h\u00f3a \u0111\u1eb7c tr\u01b0ng th\u00f4ng qua c\u00e1c ho\u1ea1t \u0111\u1ed9ng th\u1ef1c t\u1ebf.B\u1ea1n s\u1ebd \u0111\u01b0\u1ee3c kh\u00e1m ph\u00e1 ngh\u1ec7 thu\u1eadt \u1ea9m th\u1ef1c Vi\u1ec7t Nam, h\u1ecdc c\u00e1ch ch\u1ebf bi\u1ebfn m\u00f3n \u0103n truy\u1ec1n th\u1ed1ng, t\u00ecm hi\u1ec3u v\u1ec1 phong t\u1ee5c t\u1eadp qu\u00e1n nh\u01b0 l\u1ec5 T\u1ebft, c\u01b0\u1edbi h\u1ecfi, t\u00edn ng\u01b0\u1ee1ng v\u00e0 tham quan c\u00e1c di t\u00edch v\u0103n h\u00f3a l\u1ecbch s\u1eed. \u0110\u1eb7c bi\u1ec7t, kh\u00f3a h\u1ecdc c\u00f2n mang \u0111\u1ebfn c\u01a1 h\u1ed9i tham gia v\u00e0o c\u00e1c ho\u1ea1t \u0111\u1ed9ng th\u1ee7 c\u00f4ng truy\u1ec1n th\u1ed1ng nh\u01b0 l\u00e0m g\u1ed1m, d\u1ec7t l\u1ee5a v\u00e0 tranh d\u00e2n gian d\u01b0\u1edbi s\u1ef1 h\u01b0\u1edbng d\u1eabn c\u1ee7a c\u00e1c ngh\u1ec7 nh\u00e2n.Sau khi ho\u00e0n th\u00e0nh m\u1ed7i chuy\u00ean \u0111\u1ec1, b\u1ea1n s\u1ebd nh\u1eadn \u0111\u01b0\u1ee3c gi\u1ea5y ch\u1ee9ng nh\u1eadn, x\u00e1c nh\u1eadn qu\u00e1 tr\u00ecnh h\u1ecdc t\u1eadp v\u00e0 tr\u1ea3i nghi\u1ec7m v\u0103n h\u00f3a Vi\u1ec7t Nam. H\u00e3y \u0111\u1ec3 h\u00e0nh tr\u00ecnh kh\u00e1m ph\u00e1 v\u0103n h\u00f3a Vi\u1ec7t tr\u1edf th\u00e0nh m\u1ed9t ph\u1ea7n \u0111\u00e1ng nh\u1edb trong chuy\u1ebfn \u0111i c\u1ee7a b\u1ea1n!<\/p>\n","protected":false},"author":2,"featured_media":0,"parent":0,"menu_order":0,"comment_status":"closed","ping_status":"closed","template":"","meta":{"_acf_changed":false,"footnotes":""},"class_list":["post-2576","page","type-page","status-publish","hentry"],"acf":[],"_links":{"self":[{"href":"https:\/\/vns.hcmussh.edu.vn\/index.php\/wp-json\/wp\/v2\/pages\/2576","targetHints":{"allow":["GET"]}}],"collection":[{"href":"https:\/\/vns.hcmussh.edu.vn\/index.php\/wp-json\/wp\/v2\/pages"}],"about":[{"href":"https:\/\/vns.hcmussh.edu.vn\/index.php\/wp-json\/wp\/v2\/types\/page"}],"author":[{"embeddable":true,"href":"https:\/\/vns.hcmussh.edu.vn\/index.php\/wp-json\/wp\/v2\/users\/2"}],"replies":[{"embeddable":true,"href":"https:\/\/vns.hcmussh.edu.vn\/index.php\/wp-json\/wp\/v2\/comments?post=2576"}],"version-history":[{"count":25,"href":"https:\/\/vns.hcmussh.edu.vn\/index.php\/wp-json\/wp\/v2\/pages\/2576\/revisions"}],"predecessor-version":[{"id":5012,"href":"https:\/\/vns.hcmussh.edu.vn\/index.php\/wp-json\/wp\/v2\/pages\/2576\/revisions\/5012"}],"wp:attachment":[{"href":"https:\/\/vns.hcmussh.edu.vn\/index.php\/wp-json\/wp\/v2\/media?parent=2576"}],"curies":[{"name":"wp","href":"https:\/\/api.w.org\/{rel}","templated":true}]}}