{"id":3454,"date":"2024-09-20T12:51:19","date_gmt":"2024-09-20T05:51:19","guid":{"rendered":"https:\/\/vns.hcmussh.edu.vn\/?page_id=3454"},"modified":"2024-10-23T08:51:43","modified_gmt":"2024-10-23T01:51:43","slug":"khoa-boi-duong-phuong-phap-giang-day-tieng-viet-nhu-mot-ngoai-ngu","status":"publish","type":"page","link":"https:\/\/vns.hcmussh.edu.vn\/index.php\/vi\/khoa-boi-duong-phuong-phap-giang-day-tieng-viet-nhu-mot-ngoai-ngu\/","title":{"rendered":"Kh\u00f3a b\u1ed3i d\u01b0\u1ee1ng \u201cPh\u01b0\u01a1ng ph\u00e1p gi\u1ea3ng d\u1ea1y ti\u1ebfng Vi\u1ec7t nh\u01b0 m\u1ed9t ngo\u1ea1i ng\u1eef\u201d"},"content":{"rendered":"\t\t<div data-elementor-type=\"wp-page\" data-elementor-id=\"3454\" class=\"elementor elementor-3454\" data-elementor-post-type=\"page\">\n\t\t\t\t\t\t<section class=\"elementor-section elementor-top-section elementor-element elementor-element-e6cb494 elementor-section-boxed elementor-section-height-default elementor-section-height-default wpr-particle-no wpr-jarallax-no wpr-parallax-no wpr-sticky-section-no\" data-id=\"e6cb494\" data-element_type=\"section\">\n\t\t\t\t\t\t<div class=\"elementor-container elementor-column-gap-default\">\n\t\t\t\t\t<div class=\"elementor-column elementor-col-100 elementor-top-column elementor-element elementor-element-bcb1f00\" data-id=\"bcb1f00\" data-element_type=\"column\">\n\t\t\t<div class=\"elementor-widget-wrap elementor-element-populated\">\n\t\t\t\t\t\t<section class=\"elementor-section elementor-inner-section elementor-element elementor-element-90284d0 elementor-section-boxed elementor-section-height-default elementor-section-height-default wpr-particle-no wpr-jarallax-no wpr-parallax-no wpr-sticky-section-no\" data-id=\"90284d0\" data-element_type=\"section\">\n\t\t\t\t\t\t<div class=\"elementor-container elementor-column-gap-default\">\n\t\t\t\t\t<div class=\"elementor-column elementor-col-50 elementor-inner-column elementor-element elementor-element-b86d8bf\" data-id=\"b86d8bf\" data-element_type=\"column\">\n\t\t\t<div class=\"elementor-widget-wrap elementor-element-populated\">\n\t\t\t\t\t\t<div class=\"elementor-element elementor-element-38750c3 elementor-widget elementor-widget-heading\" data-id=\"38750c3\" data-element_type=\"widget\" data-widget_type=\"heading.default\">\n\t\t\t\t<div class=\"elementor-widget-container\">\n\t\t\t<h2 class=\"elementor-heading-title elementor-size-default\">Kh\u00f3a b\u1ed3i d\u01b0\u1ee1ng \u201cPh\u01b0\u01a1ng ph\u00e1p gi\u1ea3ng d\u1ea1y ti\u1ebfng Vi\u1ec7t nh\u01b0 m\u1ed9t ngo\u1ea1i ng\u1eef\u201d<\/h2>\t\t<\/div>\n\t\t\t\t<\/div>\n\t\t\t\t<div class=\"elementor-element elementor-element-3a98528 elementor-widget__width-initial elementor-widget elementor-widget-text-editor\" data-id=\"3a98528\" data-element_type=\"widget\" data-widget_type=\"text-editor.default\">\n\t\t\t\t<div class=\"elementor-widget-container\">\n\t\t\t\t\t\t\t<p>Kh\u00f3a b\u1ed3i d\u01b0\u1ee1ng \u201cPh\u01b0\u01a1ng ph\u00e1p gi\u1ea3ng d\u1ea1y ti\u1ebfng Vi\u1ec7t nh\u01b0 m\u1ed9t ngo\u1ea1i ng\u1eef\u201d<\/p><p>Trong th\u1eddi \u0111\u1ea1i to\u00e0n c\u1ea7u h\u00f3a, nhu c\u1ea7u h\u1ecdc v\u00e0 gi\u1ea3ng d\u1ea1y ti\u1ebfng Vi\u1ec7t nh\u01b0 m\u1ed9t ngo\u1ea1i ng\u1eef ng\u00e0y c\u00e0ng t\u0103ng cao. \u0110\u1ec3 \u0111\u00e1p \u1ee9ng nhu c\u1ea7u n\u00e0y, Trung t\u00e2m ti\u1ebfng Vi\u1ec7t cho ng\u01b0\u1eddi n\u01b0\u1edbc ngo\u00e0i t\u1ef1 h\u00e0o gi\u1edbi thi\u1ec7u m\u1ed9t ch\u01b0\u01a1ng tr\u00ecnh \u0111\u00e0o t\u1ea1o to\u00e0n di\u1ec7n, gi\u00fap trang b\u1ecb cho gi\u00e1o vi\u00ean nh\u1eefng k\u1ef9 n\u0103ng, ki\u1ebfn th\u1ee9c v\u00e0 ph\u01b0\u01a1ng ph\u00e1p gi\u1ea3ng d\u1ea1y hi\u1ec7u qu\u1ea3 nh\u1ea5t.<\/p><p>Ch\u01b0\u01a1ng tr\u00ecnh \u0111\u01b0\u1ee3c chia th\u00e0nh hai giai \u0111o\u1ea1n ch\u00ednh:<\/p><p>Giai \u0111o\u1ea1n 1:<\/p><ul><li>Ph\u01b0\u01a1ng ph\u00e1p gi\u1ea3ng d\u1ea1y ngo\u1ea1i ng\u1eef: Gi\u1edbi thi\u1ec7u c\u00e1c ph\u01b0\u01a1ng ph\u00e1p gi\u1ea3ng d\u1ea1y ti\u00ean ti\u1ebfn, gi\u00fap gi\u00e1o vi\u00ean n\u00e2ng cao kh\u1ea3 n\u0103ng giao ti\u1ebfp v\u00e0 t\u01b0\u01a1ng t\u00e1c hi\u1ec7u qu\u1ea3 v\u1edbi h\u1ecdc vi\u00ean qu\u1ed1c t\u1ebf.<\/li><li>T\u1eeb v\u1ef1ng, ng\u1eef \u00e2m v\u00e0 ng\u1eef ph\u00e1p ti\u1ebfng Vi\u1ec7t: Cung c\u1ea5p ki\u1ebfn th\u1ee9c chuy\u00ean s\u00e2u v\u1ec1 t\u1eeb v\u1ef1ng, ng\u1eef \u00e2m v\u00e0 ng\u1eef ph\u00e1p ti\u1ebfng Vi\u1ec7t, t\u1ea1o n\u1ec1n t\u1ea3ng v\u1eefng ch\u1eafc cho vi\u1ec7c gi\u1ea3ng d\u1ea1y ch\u00ednh x\u00e1c v\u00e0 d\u1ec5 hi\u1ec3u.<\/li><\/ul><p>Giai \u0111o\u1ea1n 2:<\/p><ul><li>Gi\u1ea3ng d\u1ea1y b\u1ed1n k\u1ef9 n\u0103ng (nghe, n\u00f3i, \u0111\u1ecdc, vi\u1ebft): T\u1eadp trung v\u00e0o ph\u00e1t tri\u1ec3n c\u00e1c ph\u01b0\u01a1ng ph\u00e1p gi\u1ea3ng d\u1ea1y b\u1ed1n k\u1ef9 n\u0103ng ng\u00f4n ng\u1eef c\u1ed1t l\u00f5i, \u0111\u1ea3m b\u1ea3o qu\u00e1 tr\u00ecnh ti\u1ebfp thu ng\u00f4n ng\u1eef to\u00e0n di\u1ec7n cho h\u1ecdc vi\u00ean.<\/li><\/ul>\t\t\t\t\t\t<\/div>\n\t\t\t\t<\/div>\n\t\t\t\t\t<\/div>\n\t\t<\/div>\n\t\t\t\t<div class=\"elementor-column elementor-col-50 elementor-inner-column elementor-element elementor-element-a05893c\" data-id=\"a05893c\" data-element_type=\"column\">\n\t\t\t<div class=\"elementor-widget-wrap elementor-element-populated\">\n\t\t\t\t\t\t<div class=\"elementor-element elementor-element-7b00415 elementor-widget__width-initial elementor-widget elementor-widget-image\" data-id=\"7b00415\" data-element_type=\"widget\" data-widget_type=\"image.default\">\n\t\t\t\t<div class=\"elementor-widget-container\">\n\t\t\t\t\t\t\t\t\t\t\t\t\t<img fetchpriority=\"high\" decoding=\"async\" width=\"1280\" height=\"960\" src=\"https:\/\/vns.hcmussh.edu.vn\/wp-content\/uploads\/2024\/08\/ecc9fb1f3a519d0fc440.jpg\" class=\"attachment-full size-full wp-image-2174\" alt=\"\" srcset=\"https:\/\/vns.hcmussh.edu.vn\/wp-content\/uploads\/2024\/08\/ecc9fb1f3a519d0fc440.jpg 1280w, https:\/\/vns.hcmussh.edu.vn\/wp-content\/uploads\/2024\/08\/ecc9fb1f3a519d0fc440-300x225.jpg 300w, https:\/\/vns.hcmussh.edu.vn\/wp-content\/uploads\/2024\/08\/ecc9fb1f3a519d0fc440-1024x768.jpg 1024w, https:\/\/vns.hcmussh.edu.vn\/wp-content\/uploads\/2024\/08\/ecc9fb1f3a519d0fc440-768x576.jpg 768w\" sizes=\"(max-width: 1280px) 100vw, 1280px\" \/>\t\t\t\t\t\t\t\t\t\t\t\t\t<\/div>\n\t\t\t\t<\/div>\n\t\t\t\t<div class=\"elementor-element elementor-element-7804a26 elementor-widget elementor-widget-text-editor\" data-id=\"7804a26\" data-element_type=\"widget\" data-widget_type=\"text-editor.default\">\n\t\t\t\t<div class=\"elementor-widget-container\">\n\t\t\t\t\t\t\t<p>D\u1ef1 th\u00ednh l\u1edbp h\u1ecdc ti\u1ebfng Vi\u1ec7t: Ng\u01b0\u1eddi tham gia c\u00f3 c\u01a1 h\u1ed9i d\u1ef1 th\u00ednh c\u00e1c l\u1edbp h\u1ecdc ti\u1ebfng Vi\u1ec7t th\u1ef1c t\u1ebf, \u00e1p d\u1ee5ng l\u00fd thuy\u1ebft v\u00e0o gi\u1ea3ng d\u1ea1y th\u1ef1c ti\u1ec5n, t\u1eeb \u0111\u00f3 n\u00e2ng cao k\u1ef9 n\u0103ng gi\u1ea3ng d\u1ea1y.<\/p><p>Sau khi ho\u00e0n th\u00e0nh ch\u01b0\u01a1ng tr\u00ecnh, h\u1ecdc vi\u00ean s\u1ebd \u0111\u01b0\u1ee3c c\u1ea5p ch\u1ee9ng ch\u1ec9 b\u1edfi Tr\u01b0\u1eddng \u0110\u1ea1i h\u1ecdc Khoa h\u1ecdc X\u00e3 h\u1ed9i v\u00e0 Nh\u00e2n v\u0103n. H\u00e3y tham gia c\u00f9ng ch\u00fang t\u00f4i \u0111\u1ec3 ph\u00e1t tri\u1ec3n s\u1ef1 nghi\u1ec7p gi\u1ea3ng d\u1ea1y v\u00e0 \u0111\u00f3ng g\u00f3p v\u00e0o s\u1ef1 ph\u00e1t tri\u1ec3n c\u1ee7a l\u0129nh v\u1ef1c gi\u1ea3ng d\u1ea1y ti\u1ebfng Vi\u1ec7t!<\/p>\t\t\t\t\t\t<\/div>\n\t\t\t\t<\/div>\n\t\t\t\t\t<\/div>\n\t\t<\/div>\n\t\t\t\t\t<\/div>\n\t\t<\/section>\n\t\t\t\t<div class=\"elementor-element elementor-element-57b1f00 elementor-align-center elementor-widget elementor-widget-button\" data-id=\"57b1f00\" data-element_type=\"widget\" data-widget_type=\"button.default\">\n\t\t\t\t<div class=\"elementor-widget-container\">\n\t\t\t\t\t<div class=\"elementor-button-wrapper\">\n\t\t\t<a class=\"elementor-button elementor-button-link elementor-size-sm\" href=\"https:\/\/forms.gle\/Jr2R8QviNS7BuqFKA\">\n\t\t\t\t\t\t<span class=\"elementor-button-content-wrapper\">\n\t\t\t\t\t\t\t\t\t<span class=\"elementor-button-text\">Registration link<\/span>\n\t\t\t\t\t<\/span>\n\t\t\t\t\t<\/a>\n\t\t<\/div>\n\t\t\t\t<\/div>\n\t\t\t\t<\/div>\n\t\t\t\t\t<\/div>\n\t\t<\/div>\n\t\t\t\t\t<\/div>\n\t\t<\/section>\n\t\t\t\t<\/div>\n\t\t","protected":false},"excerpt":{"rendered":"<p>Kh\u00f3a b\u1ed3i d\u01b0\u1ee1ng \u201cPh\u01b0\u01a1ng ph\u00e1p gi\u1ea3ng d\u1ea1y ti\u1ebfng Vi\u1ec7t nh\u01b0 m\u1ed9t ngo\u1ea1i ng\u1eef\u201d Kh\u00f3a b\u1ed3i d\u01b0\u1ee1ng \u201cPh\u01b0\u01a1ng ph\u00e1p gi\u1ea3ng d\u1ea1y ti\u1ebfng Vi\u1ec7t nh\u01b0 m\u1ed9t ngo\u1ea1i ng\u1eef\u201d Trong th\u1eddi \u0111\u1ea1i to\u00e0n c\u1ea7u h\u00f3a, nhu c\u1ea7u h\u1ecdc v\u00e0 gi\u1ea3ng d\u1ea1y ti\u1ebfng Vi\u1ec7t nh\u01b0 m\u1ed9t ngo\u1ea1i ng\u1eef ng\u00e0y c\u00e0ng t\u0103ng cao. \u0110\u1ec3 \u0111\u00e1p \u1ee9ng nhu c\u1ea7u n\u00e0y, Trung t\u00e2m ti\u1ebfng Vi\u1ec7t cho ng\u01b0\u1eddi n\u01b0\u1edbc ngo\u00e0i t\u1ef1 h\u00e0o gi\u1edbi thi\u1ec7u m\u1ed9t ch\u01b0\u01a1ng tr\u00ecnh \u0111\u00e0o t\u1ea1o to\u00e0n di\u1ec7n, gi\u00fap trang b\u1ecb cho gi\u00e1o vi\u00ean nh\u1eefng k\u1ef9 n\u0103ng, ki\u1ebfn th\u1ee9c v\u00e0 ph\u01b0\u01a1ng ph\u00e1p gi\u1ea3ng d\u1ea1y hi\u1ec7u qu\u1ea3 nh\u1ea5t. Ch\u01b0\u01a1ng tr\u00ecnh \u0111\u01b0\u1ee3c chia th\u00e0nh hai giai \u0111o\u1ea1n ch\u00ednh: Giai \u0111o\u1ea1n 1: Ph\u01b0\u01a1ng ph\u00e1p gi\u1ea3ng d\u1ea1y ngo\u1ea1i ng\u1eef: Gi\u1edbi thi\u1ec7u c\u00e1c ph\u01b0\u01a1ng ph\u00e1p gi\u1ea3ng d\u1ea1y ti\u00ean ti\u1ebfn, gi\u00fap gi\u00e1o vi\u00ean n\u00e2ng cao kh\u1ea3 n\u0103ng giao ti\u1ebfp v\u00e0 t\u01b0\u01a1ng t\u00e1c hi\u1ec7u qu\u1ea3 v\u1edbi h\u1ecdc vi\u00ean qu\u1ed1c t\u1ebf. T\u1eeb v\u1ef1ng, ng\u1eef \u00e2m v\u00e0 ng\u1eef ph\u00e1p ti\u1ebfng Vi\u1ec7t: Cung c\u1ea5p ki\u1ebfn th\u1ee9c chuy\u00ean s\u00e2u v\u1ec1 t\u1eeb v\u1ef1ng, ng\u1eef \u00e2m v\u00e0 ng\u1eef ph\u00e1p ti\u1ebfng Vi\u1ec7t, t\u1ea1o n\u1ec1n t\u1ea3ng v\u1eefng ch\u1eafc cho vi\u1ec7c gi\u1ea3ng d\u1ea1y ch\u00ednh x\u00e1c v\u00e0 d\u1ec5 hi\u1ec3u. Giai \u0111o\u1ea1n 2: Gi\u1ea3ng d\u1ea1y b\u1ed1n k\u1ef9 n\u0103ng (nghe, n\u00f3i, \u0111\u1ecdc, vi\u1ebft): T\u1eadp trung v\u00e0o ph\u00e1t tri\u1ec3n c\u00e1c ph\u01b0\u01a1ng ph\u00e1p gi\u1ea3ng d\u1ea1y b\u1ed1n k\u1ef9 n\u0103ng ng\u00f4n ng\u1eef c\u1ed1t l\u00f5i, \u0111\u1ea3m b\u1ea3o qu\u00e1 tr\u00ecnh ti\u1ebfp thu ng\u00f4n ng\u1eef to\u00e0n di\u1ec7n cho h\u1ecdc vi\u00ean. D\u1ef1 th\u00ednh l\u1edbp h\u1ecdc ti\u1ebfng Vi\u1ec7t: Ng\u01b0\u1eddi tham gia c\u00f3 c\u01a1 h\u1ed9i d\u1ef1 th\u00ednh c\u00e1c l\u1edbp h\u1ecdc ti\u1ebfng Vi\u1ec7t th\u1ef1c t\u1ebf, \u00e1p d\u1ee5ng l\u00fd thuy\u1ebft v\u00e0o gi\u1ea3ng d\u1ea1y th\u1ef1c ti\u1ec5n, t\u1eeb \u0111\u00f3 n\u00e2ng cao k\u1ef9 n\u0103ng gi\u1ea3ng d\u1ea1y. Sau khi ho\u00e0n th\u00e0nh ch\u01b0\u01a1ng tr\u00ecnh, h\u1ecdc vi\u00ean s\u1ebd \u0111\u01b0\u1ee3c c\u1ea5p ch\u1ee9ng ch\u1ec9 b\u1edfi Tr\u01b0\u1eddng \u0110\u1ea1i h\u1ecdc Khoa h\u1ecdc X\u00e3 h\u1ed9i v\u00e0 Nh\u00e2n v\u0103n. H\u00e3y tham gia c\u00f9ng ch\u00fang t\u00f4i \u0111\u1ec3 ph\u00e1t tri\u1ec3n s\u1ef1 nghi\u1ec7p gi\u1ea3ng d\u1ea1y v\u00e0 \u0111\u00f3ng g\u00f3p v\u00e0o s\u1ef1 ph\u00e1t tri\u1ec3n c\u1ee7a l\u0129nh v\u1ef1c gi\u1ea3ng d\u1ea1y ti\u1ebfng Vi\u1ec7t! Registration link<\/p>\n","protected":false},"author":2,"featured_media":0,"parent":0,"menu_order":0,"comment_status":"closed","ping_status":"closed","template":"","meta":{"_acf_changed":false,"footnotes":""},"class_list":["post-3454","page","type-page","status-publish","hentry"],"acf":[],"_links":{"self":[{"href":"https:\/\/vns.hcmussh.edu.vn\/index.php\/wp-json\/wp\/v2\/pages\/3454","targetHints":{"allow":["GET"]}}],"collection":[{"href":"https:\/\/vns.hcmussh.edu.vn\/index.php\/wp-json\/wp\/v2\/pages"}],"about":[{"href":"https:\/\/vns.hcmussh.edu.vn\/index.php\/wp-json\/wp\/v2\/types\/page"}],"author":[{"embeddable":true,"href":"https:\/\/vns.hcmussh.edu.vn\/index.php\/wp-json\/wp\/v2\/users\/2"}],"replies":[{"embeddable":true,"href":"https:\/\/vns.hcmussh.edu.vn\/index.php\/wp-json\/wp\/v2\/comments?post=3454"}],"version-history":[{"count":16,"href":"https:\/\/vns.hcmussh.edu.vn\/index.php\/wp-json\/wp\/v2\/pages\/3454\/revisions"}],"predecessor-version":[{"id":4003,"href":"https:\/\/vns.hcmussh.edu.vn\/index.php\/wp-json\/wp\/v2\/pages\/3454\/revisions\/4003"}],"wp:attachment":[{"href":"https:\/\/vns.hcmussh.edu.vn\/index.php\/wp-json\/wp\/v2\/media?parent=3454"}],"curies":[{"name":"wp","href":"https:\/\/api.w.org\/{rel}","templated":true}]}}