{"id":5785,"date":"2025-06-04T08:47:54","date_gmt":"2025-06-04T01:47:54","guid":{"rendered":"https:\/\/vns.hcmussh.edu.vn\/?page_id=5785"},"modified":"2026-04-21T08:58:45","modified_gmt":"2026-04-21T01:58:45","slug":"ky-thi-nang-luc-tieng-viet-2","status":"publish","type":"page","link":"https:\/\/vns.hcmussh.edu.vn\/index.php\/vi\/ky-thi-nang-luc-tieng-viet-2\/","title":{"rendered":"K\u1ef3 thi N\u0103ng l\u1ef1c ti\u1ebfng Vi\u1ec7t ng\u00e0y 23\/05\/2026"},"content":{"rendered":"\t\t<div data-elementor-type=\"wp-page\" data-elementor-id=\"5785\" class=\"elementor elementor-5785\" data-elementor-post-type=\"page\">\n\t\t\t\t\t\t<section class=\"elementor-section elementor-top-section elementor-element elementor-element-ace6907 elementor-section-boxed elementor-section-height-default elementor-section-height-default wpr-particle-no wpr-jarallax-no wpr-parallax-no wpr-sticky-section-no\" data-id=\"ace6907\" data-element_type=\"section\">\n\t\t\t\t\t\t<div class=\"elementor-container elementor-column-gap-default\">\n\t\t\t\t\t<div class=\"elementor-column elementor-col-100 elementor-top-column elementor-element elementor-element-2bdfeb5\" data-id=\"2bdfeb5\" data-element_type=\"column\">\n\t\t\t<div class=\"elementor-widget-wrap elementor-element-populated\">\n\t\t\t\t\t\t<section class=\"elementor-section elementor-inner-section elementor-element elementor-element-0b534bc elementor-section-boxed elementor-section-height-default elementor-section-height-default wpr-particle-no wpr-jarallax-no wpr-parallax-no wpr-sticky-section-no\" data-id=\"0b534bc\" data-element_type=\"section\">\n\t\t\t\t\t\t<div class=\"elementor-container elementor-column-gap-default\">\n\t\t\t\t\t<div class=\"elementor-column elementor-col-50 elementor-inner-column elementor-element elementor-element-f3ee8ff\" data-id=\"f3ee8ff\" data-element_type=\"column\">\n\t\t\t<div class=\"elementor-widget-wrap\">\n\t\t\t\t\t\t\t<\/div>\n\t\t<\/div>\n\t\t\t\t<div class=\"elementor-column elementor-col-50 elementor-inner-column elementor-element elementor-element-0db98e9\" data-id=\"0db98e9\" data-element_type=\"column\">\n\t\t\t<div class=\"elementor-widget-wrap\">\n\t\t\t\t\t\t\t<\/div>\n\t\t<\/div>\n\t\t\t\t\t<\/div>\n\t\t<\/section>\n\t\t\t\t<div class=\"elementor-element elementor-element-902b1fa elementor-widget elementor-widget-image\" data-id=\"902b1fa\" data-element_type=\"widget\" data-widget_type=\"image.default\">\n\t\t\t\t<div class=\"elementor-widget-container\">\n\t\t\t\t\t\t\t\t\t\t\t\t\t<img fetchpriority=\"high\" decoding=\"async\" width=\"2048\" height=\"1077\" src=\"https:\/\/vns.hcmussh.edu.vn\/wp-content\/uploads\/2026\/04\/VUI-LONG-CHUYEN-LE-PHI-THI-THEO-THONG-TIN-BEN-DUOI.-HAN-CHOT-NGAY-07052026.-Please-transfer-the-exam-fee-using-the-information-below.-The-deadline-is-May-7th-2026-1.png\" class=\"attachment-full size-full wp-image-7142\" alt=\"\" srcset=\"https:\/\/vns.hcmussh.edu.vn\/wp-content\/uploads\/2026\/04\/VUI-LONG-CHUYEN-LE-PHI-THI-THEO-THONG-TIN-BEN-DUOI.-HAN-CHOT-NGAY-07052026.-Please-transfer-the-exam-fee-using-the-information-below.-The-deadline-is-May-7th-2026-1.png 2048w, https:\/\/vns.hcmussh.edu.vn\/wp-content\/uploads\/2026\/04\/VUI-LONG-CHUYEN-LE-PHI-THI-THEO-THONG-TIN-BEN-DUOI.-HAN-CHOT-NGAY-07052026.-Please-transfer-the-exam-fee-using-the-information-below.-The-deadline-is-May-7th-2026-1-300x158.png 300w, https:\/\/vns.hcmussh.edu.vn\/wp-content\/uploads\/2026\/04\/VUI-LONG-CHUYEN-LE-PHI-THI-THEO-THONG-TIN-BEN-DUOI.-HAN-CHOT-NGAY-07052026.-Please-transfer-the-exam-fee-using-the-information-below.-The-deadline-is-May-7th-2026-1-1024x539.png 1024w, https:\/\/vns.hcmussh.edu.vn\/wp-content\/uploads\/2026\/04\/VUI-LONG-CHUYEN-LE-PHI-THI-THEO-THONG-TIN-BEN-DUOI.-HAN-CHOT-NGAY-07052026.-Please-transfer-the-exam-fee-using-the-information-below.-The-deadline-is-May-7th-2026-1-768x404.png 768w, https:\/\/vns.hcmussh.edu.vn\/wp-content\/uploads\/2026\/04\/VUI-LONG-CHUYEN-LE-PHI-THI-THEO-THONG-TIN-BEN-DUOI.-HAN-CHOT-NGAY-07052026.-Please-transfer-the-exam-fee-using-the-information-below.-The-deadline-is-May-7th-2026-1-1536x808.png 1536w\" sizes=\"(max-width: 2048px) 100vw, 2048px\" \/>\t\t\t\t\t\t\t\t\t\t\t\t\t<\/div>\n\t\t\t\t<\/div>\n\t\t\t\t<section class=\"elementor-section elementor-inner-section elementor-element elementor-element-bef722e elementor-section-boxed elementor-section-height-default elementor-section-height-default wpr-particle-no wpr-jarallax-no wpr-parallax-no wpr-sticky-section-no\" data-id=\"bef722e\" data-element_type=\"section\">\n\t\t\t\t\t\t<div class=\"elementor-container elementor-column-gap-default\">\n\t\t\t\t\t<div class=\"elementor-column elementor-col-100 elementor-inner-column elementor-element elementor-element-3bc48a3\" data-id=\"3bc48a3\" data-element_type=\"column\">\n\t\t\t<div class=\"elementor-widget-wrap elementor-element-populated\">\n\t\t\t\t\t\t<div class=\"elementor-element elementor-element-904aa13 elementor-widget__width-initial elementor-align-center elementor-widget elementor-widget-button\" data-id=\"904aa13\" data-element_type=\"widget\" data-widget_type=\"button.default\">\n\t\t\t\t<div class=\"elementor-widget-container\">\n\t\t\t\t\t<div class=\"elementor-button-wrapper\">\n\t\t\t<a class=\"elementor-button elementor-button-link elementor-size-sm\" href=\"https:\/\/docs.google.com\/forms\/d\/e\/1FAIpQLSd1Nhs9x6pOdPwj10ZLA7mUOt65blofecKTtHmGakjKkTkulA\/viewform\">\n\t\t\t\t\t\t<span class=\"elementor-button-content-wrapper\">\n\t\t\t\t\t\t\t\t\t<span class=\"elementor-button-text\">\u0110\u0103ng k\u00fd ngay<\/span>\n\t\t\t\t\t<\/span>\n\t\t\t\t\t<\/a>\n\t\t<\/div>\n\t\t\t\t<\/div>\n\t\t\t\t<\/div>\n\t\t\t\t\t<\/div>\n\t\t<\/div>\n\t\t\t\t\t<\/div>\n\t\t<\/section>\n\t\t\t\t\t<\/div>\n\t\t<\/div>\n\t\t\t\t\t<\/div>\n\t\t<\/section>\n\t\t\t\t<\/div>\n\t\t","protected":false},"excerpt":{"rendered":"<p>\u0110\u0103ng k\u00fd ngay<\/p>\n","protected":false},"author":5,"featured_media":6840,"parent":0,"menu_order":0,"comment_status":"closed","ping_status":"closed","template":"","meta":{"_acf_changed":false,"footnotes":""},"class_list":["post-5785","page","type-page","status-publish","has-post-thumbnail","hentry"],"acf":[],"_links":{"self":[{"href":"https:\/\/vns.hcmussh.edu.vn\/index.php\/wp-json\/wp\/v2\/pages\/5785","targetHints":{"allow":["GET"]}}],"collection":[{"href":"https:\/\/vns.hcmussh.edu.vn\/index.php\/wp-json\/wp\/v2\/pages"}],"about":[{"href":"https:\/\/vns.hcmussh.edu.vn\/index.php\/wp-json\/wp\/v2\/types\/page"}],"author":[{"embeddable":true,"href":"https:\/\/vns.hcmussh.edu.vn\/index.php\/wp-json\/wp\/v2\/users\/5"}],"replies":[{"embeddable":true,"href":"https:\/\/vns.hcmussh.edu.vn\/index.php\/wp-json\/wp\/v2\/comments?post=5785"}],"version-history":[{"count":79,"href":"https:\/\/vns.hcmussh.edu.vn\/index.php\/wp-json\/wp\/v2\/pages\/5785\/revisions"}],"predecessor-version":[{"id":7148,"href":"https:\/\/vns.hcmussh.edu.vn\/index.php\/wp-json\/wp\/v2\/pages\/5785\/revisions\/7148"}],"wp:featuredmedia":[{"embeddable":true,"href":"https:\/\/vns.hcmussh.edu.vn\/index.php\/wp-json\/wp\/v2\/media\/6840"}],"wp:attachment":[{"href":"https:\/\/vns.hcmussh.edu.vn\/index.php\/wp-json\/wp\/v2\/media?parent=5785"}],"curies":[{"name":"wp","href":"https:\/\/api.w.org\/{rel}","templated":true}]}}