{"id":611,"date":"2024-08-10T08:50:53","date_gmt":"2024-08-10T01:50:53","guid":{"rendered":"https:\/\/vnstest.hcmussh.edu.vn\/?page_id=611"},"modified":"2024-08-26T10:55:00","modified_gmt":"2024-08-26T03:55:00","slug":"gioi-thieu","status":"publish","type":"page","link":"https:\/\/vns.hcmussh.edu.vn\/index.php\/vi\/gioi-thieu\/","title":{"rendered":"Gi\u1edbi thi\u1ec7u"},"content":{"rendered":"\t\t<div data-elementor-type=\"wp-page\" data-elementor-id=\"611\" class=\"elementor elementor-611\" data-elementor-post-type=\"page\">\n\t\t\t\t\t\t<section class=\"elementor-section elementor-top-section elementor-element elementor-element-d3d2834 elementor-section-boxed elementor-section-height-default elementor-section-height-default wpr-particle-no wpr-jarallax-no wpr-parallax-no wpr-sticky-section-no\" data-id=\"d3d2834\" data-element_type=\"section\" data-settings=\"{&quot;background_background&quot;:&quot;classic&quot;}\">\n\t\t\t\t\t\t<div class=\"elementor-container elementor-column-gap-default\">\n\t\t\t\t\t<div class=\"elementor-column elementor-col-100 elementor-top-column elementor-element elementor-element-88edbbe\" data-id=\"88edbbe\" data-element_type=\"column\">\n\t\t\t<div class=\"elementor-widget-wrap elementor-element-populated\">\n\t\t\t\t\t\t<div class=\"elementor-element elementor-element-568a879 elementor-widget elementor-widget-heading\" data-id=\"568a879\" data-element_type=\"widget\" data-widget_type=\"heading.default\">\n\t\t\t\t<div class=\"elementor-widget-container\">\n\t\t\t<h2 class=\"elementor-heading-title elementor-size-default\">Gi\u1edbi thi\u1ec7u<\/h2>\t\t<\/div>\n\t\t\t\t<\/div>\n\t\t\t\t<section class=\"elementor-section elementor-inner-section elementor-element elementor-element-b506279 elementor-section-boxed elementor-section-height-default elementor-section-height-default wpr-particle-no wpr-jarallax-no wpr-parallax-no wpr-sticky-section-no\" data-id=\"b506279\" data-element_type=\"section\">\n\t\t\t\t\t\t<div class=\"elementor-container elementor-column-gap-default\">\n\t\t\t\t\t<div class=\"elementor-column elementor-col-50 elementor-inner-column elementor-element elementor-element-dd868d3\" data-id=\"dd868d3\" data-element_type=\"column\">\n\t\t\t<div class=\"elementor-widget-wrap elementor-element-populated\">\n\t\t\t\t\t\t<div class=\"elementor-element elementor-element-397dfdb elementor-widget elementor-widget-image\" data-id=\"397dfdb\" data-element_type=\"widget\" data-widget_type=\"image.default\">\n\t\t\t\t<div class=\"elementor-widget-container\">\n\t\t\t\t\t\t\t\t\t\t\t\t\t<img fetchpriority=\"high\" decoding=\"async\" width=\"800\" height=\"550\" src=\"https:\/\/vns.hcmussh.edu.vn\/wp-content\/uploads\/2024\/08\/MocThoiGian-1024x704.jpg\" class=\"attachment-large size-large wp-image-228\" alt=\"\" srcset=\"https:\/\/vns.hcmussh.edu.vn\/wp-content\/uploads\/2024\/08\/MocThoiGian-1024x704.jpg 1024w, https:\/\/vns.hcmussh.edu.vn\/wp-content\/uploads\/2024\/08\/MocThoiGian-300x206.jpg 300w, https:\/\/vns.hcmussh.edu.vn\/wp-content\/uploads\/2024\/08\/MocThoiGian-768x528.jpg 768w, https:\/\/vns.hcmussh.edu.vn\/wp-content\/uploads\/2024\/08\/MocThoiGian.jpg 1032w\" sizes=\"(max-width: 800px) 100vw, 800px\" \/>\t\t\t\t\t\t\t\t\t\t\t\t\t<\/div>\n\t\t\t\t<\/div>\n\t\t\t\t\t<\/div>\n\t\t<\/div>\n\t\t\t\t<div class=\"elementor-column elementor-col-50 elementor-inner-column elementor-element elementor-element-dbfca59\" data-id=\"dbfca59\" data-element_type=\"column\">\n\t\t\t<div class=\"elementor-widget-wrap elementor-element-populated\">\n\t\t\t\t\t\t<div class=\"elementor-element elementor-element-7c75339 elementor-widget elementor-widget-text-editor\" data-id=\"7c75339\" data-element_type=\"widget\" data-widget_type=\"text-editor.default\">\n\t\t\t\t<div class=\"elementor-widget-container\">\n\t\t\t\t\t\t\t<p>Trung t\u00e2m Ti\u1ebfng Vi\u1ec7t cho ng\u01b0\u1eddi n\u01b0\u1edbc ngo\u00e0i l\u00e0 \u0111\u01a1n v\u1ecb c\u00f3 h\u01a1n 34 n\u0103m nghi\u00ean c\u1ee9u v\u00e0 gi\u1ea3ng d\u1ea1y ti\u1ebfng Vi\u1ec7t cho ng\u01b0\u1eddi ngo\u00e0i. N\u0103m 2020, Trung t\u00e2m Ti\u1ebfng Vi\u1ec7t cho ng\u01b0\u1eddi n\u01b0\u1edbc ngo\u00e0i thu\u1ed9c Khoa Vi\u1ec7t Nam h\u1ecdc \u0111\u01b0\u1ee3c th\u00e0nh l\u1eadp theo quy\u1ebft \u0111\u1ecbnh c\u1ee7a Hi\u1ec7u tr\u01b0\u1edfng Tr\u01b0\u1eddng \u0110\u1ea1i h\u1ecdc Khoa h\u1ecdc X\u00e3 h\u1ed9i v\u00e0 Nh\u00e2n v\u0103n, \u0110HQG-HCM.<\/p><p>\u00a0 \u00a0 \u00a0 \u00a0 \u00a0 Trung t\u00e2m Ti\u1ebfng Vi\u1ec7t cho ng\u01b0\u1eddi n\u01b0\u1edbc ngo\u00e0i thu\u1ed9c Khoa Vi\u1ec7t Nam h\u1ecdc c\u00f3 c\u00e1c ch\u1ee9c n\u0103ng, nhi\u1ec7m v\u1ee5 sau:<\/p><p>\u00a0 \u00a0 \u00a0 \u00a0 \u00a0 \u2013 T\u1ed5 ch\u1ee9c c\u00e1c ch\u01b0\u01a1ng tr\u00ecnh \u0111\u00e0o t\u1ea1o, b\u1ed3i d\u01b0\u1ee1ng n\u0103ng l\u1ef1c ti\u1ebfng Vi\u1ec7t;<\/p><p>\u00a0 \u00a0 \u00a0 \u00a0 \u00a0 \u2013 T\u1ed5 ch\u1ee9c k\u1ef3 thi \u0111\u00e1nh gi\u00e1 n\u0103ng l\u1ef1c ti\u1ebfng Vi\u1ec7t cho ng\u01b0\u1eddi n\u01b0\u1edbc ngo\u00e0i;<\/p><p>\u00a0 \u00a0 \u00a0 \u00a0 \u00a0 \u2013 T\u1eadp hu\u1ea5n v\u00e0 \u0111\u00e0o t\u1ea1o \u0111\u1ed9i ng\u0169 gi\u00e1o vi\u00ean d\u1ea1y ti\u1ebfng Vi\u1ec7t nh\u01b0 m\u1ed9t ng\u00f4n ng\u1eef th\u1ee9 hai;<\/p><p>\u00a0 \u00a0 \u00a0 \u00a0 \u00a0 \u2013 Cung c\u1ea5p c\u00e1c d\u1ecbch v\u1ee5 cho h\u1ecdc vi\u00ean n\u01b0\u1edbc ngo\u00e0i.<\/p><p>\u00a0 \u00a0 \u00a0 \u00a0 \u00a0 M\u1ed7i n\u0103m, Trung t\u00e2m c\u00f3 h\u00e0ng ngh\u00ecn l\u01b0\u1ee3t h\u1ecdc vi\u00ean \u0111\u0103ng k\u00fd h\u1ecdc ti\u1ebfng Vi\u1ec7t v\u00e0 tham gia \u00a0c\u00e1c kho\u00e1 h\u1ecdc chuy\u00ean \u0111\u1ec1 h\u00ecnh th\u1ee9c \u201cStudy tour\u201d gi\u1edbi\u00a0 thi\u1ec7u v\u1ec1 l\u1ecbch s\u1eed, v\u0103n ho\u00e1, con ng\u01b0\u1eddi Vi\u1ec7t Nam.<\/p><p>\u00a0 \u00a0 \u00a0 \u00a0 \u00a0 Trung t\u00e2m Ti\u1ebfng Vi\u1ec7t cho ng\u01b0\u1eddi n\u01b0\u1edbc ngo\u00e0i h\u1ee3p t\u00e1c gi\u1ea3ng d\u1ea1y ti\u1ebfng Vi\u1ec7t v\u00e0 v\u0103n ho\u00e1 Vi\u1ec7t Nam cho c\u00e1c\u00a0 vi\u00ean\u00a0 ch\u1ee9c\u00a0 c\u1ee7a\u00a0 T\u1ed5ng\u00a0 l\u00e3nh\u00a0 s\u1ef1 Hoa\u00a0 K\u1ef3 t\u1ea1i TP.HCM, Sinh vi\u00ean \u0110\u1ea1i h\u1ecdc K\u1ef9 thu\u1eadt Nanyang (NTU), \u0110\u1ea1i h\u1ecdc Khoa h\u1ecdc X\u00e3 h\u1ed9i Nh\u00e2n v\u0103n (SUSS), Singpapore, \u0110\u1ea1i Qu\u1ed1c l\u1eadp Trung Ch\u00ednh (CCU)\u0110\u00e0i Loan, \u0110\u1ea1i H\u1ecdc Kokushikan, Nh\u1eadt B\u1ea3n, nh\u00e2n vi\u00ean C\u00f4ng ty Hansae, c\u00f4ng ty Hansoll, c\u00f4ng ty Enercon, c\u00f4ng ty Mitsui &amp; Co., Global Logistics (Vietnam), C\u00f4ng ty Prominent Vi\u1ec7t Nam.<\/p>\t\t\t\t\t\t<\/div>\n\t\t\t\t<\/div>\n\t\t\t\t\t<\/div>\n\t\t<\/div>\n\t\t\t\t\t<\/div>\n\t\t<\/section>\n\t\t\t\t\t<\/div>\n\t\t<\/div>\n\t\t\t\t\t<\/div>\n\t\t<\/section>\n\t\t\t\t<\/div>\n\t\t","protected":false},"excerpt":{"rendered":"<p>Gi\u1edbi thi\u1ec7u Trung t\u00e2m Ti\u1ebfng Vi\u1ec7t cho ng\u01b0\u1eddi n\u01b0\u1edbc ngo\u00e0i l\u00e0 \u0111\u01a1n v\u1ecb c\u00f3 h\u01a1n 34 n\u0103m nghi\u00ean c\u1ee9u v\u00e0 gi\u1ea3ng d\u1ea1y ti\u1ebfng Vi\u1ec7t cho ng\u01b0\u1eddi ngo\u00e0i. N\u0103m 2020, Trung t\u00e2m Ti\u1ebfng Vi\u1ec7t cho ng\u01b0\u1eddi n\u01b0\u1edbc ngo\u00e0i thu\u1ed9c Khoa Vi\u1ec7t Nam h\u1ecdc \u0111\u01b0\u1ee3c th\u00e0nh l\u1eadp theo quy\u1ebft \u0111\u1ecbnh c\u1ee7a Hi\u1ec7u tr\u01b0\u1edfng Tr\u01b0\u1eddng \u0110\u1ea1i h\u1ecdc Khoa h\u1ecdc X\u00e3 h\u1ed9i v\u00e0 Nh\u00e2n v\u0103n, \u0110HQG-HCM. \u00a0 \u00a0 \u00a0 \u00a0 \u00a0 Trung t\u00e2m Ti\u1ebfng Vi\u1ec7t cho ng\u01b0\u1eddi n\u01b0\u1edbc ngo\u00e0i thu\u1ed9c Khoa Vi\u1ec7t Nam h\u1ecdc c\u00f3 c\u00e1c ch\u1ee9c n\u0103ng, nhi\u1ec7m v\u1ee5 sau: \u00a0 \u00a0 \u00a0 \u00a0 \u00a0 \u2013 T\u1ed5 ch\u1ee9c c\u00e1c ch\u01b0\u01a1ng tr\u00ecnh \u0111\u00e0o t\u1ea1o, b\u1ed3i d\u01b0\u1ee1ng n\u0103ng l\u1ef1c ti\u1ebfng Vi\u1ec7t; \u00a0 \u00a0 \u00a0 \u00a0 \u00a0 \u2013 T\u1ed5 ch\u1ee9c k\u1ef3 thi \u0111\u00e1nh gi\u00e1 n\u0103ng l\u1ef1c ti\u1ebfng Vi\u1ec7t cho ng\u01b0\u1eddi n\u01b0\u1edbc ngo\u00e0i; \u00a0 \u00a0 \u00a0 \u00a0 \u00a0 \u2013 T\u1eadp hu\u1ea5n v\u00e0 \u0111\u00e0o t\u1ea1o \u0111\u1ed9i ng\u0169 gi\u00e1o vi\u00ean d\u1ea1y ti\u1ebfng Vi\u1ec7t nh\u01b0 m\u1ed9t ng\u00f4n ng\u1eef th\u1ee9 hai; \u00a0 \u00a0 \u00a0 \u00a0 \u00a0 \u2013 Cung c\u1ea5p c\u00e1c d\u1ecbch v\u1ee5 cho h\u1ecdc vi\u00ean n\u01b0\u1edbc ngo\u00e0i. \u00a0 \u00a0 \u00a0 \u00a0 \u00a0 M\u1ed7i n\u0103m, Trung t\u00e2m c\u00f3 h\u00e0ng ngh\u00ecn l\u01b0\u1ee3t h\u1ecdc vi\u00ean \u0111\u0103ng k\u00fd h\u1ecdc ti\u1ebfng Vi\u1ec7t v\u00e0 tham gia \u00a0c\u00e1c kho\u00e1 h\u1ecdc chuy\u00ean \u0111\u1ec1 h\u00ecnh th\u1ee9c \u201cStudy tour\u201d gi\u1edbi\u00a0 thi\u1ec7u v\u1ec1 l\u1ecbch s\u1eed, v\u0103n ho\u00e1, con ng\u01b0\u1eddi Vi\u1ec7t Nam. \u00a0 \u00a0 \u00a0 \u00a0 \u00a0 Trung t\u00e2m Ti\u1ebfng Vi\u1ec7t cho ng\u01b0\u1eddi n\u01b0\u1edbc ngo\u00e0i h\u1ee3p t\u00e1c gi\u1ea3ng d\u1ea1y ti\u1ebfng Vi\u1ec7t v\u00e0 v\u0103n ho\u00e1 Vi\u1ec7t Nam cho c\u00e1c\u00a0 vi\u00ean\u00a0 ch\u1ee9c\u00a0 c\u1ee7a\u00a0 T\u1ed5ng\u00a0 l\u00e3nh\u00a0 s\u1ef1 Hoa\u00a0 K\u1ef3 t\u1ea1i TP.HCM, Sinh vi\u00ean \u0110\u1ea1i h\u1ecdc K\u1ef9 thu\u1eadt Nanyang (NTU), \u0110\u1ea1i h\u1ecdc Khoa h\u1ecdc X\u00e3 h\u1ed9i Nh\u00e2n v\u0103n (SUSS), Singpapore, \u0110\u1ea1i Qu\u1ed1c l\u1eadp Trung Ch\u00ednh (CCU)\u0110\u00e0i Loan, \u0110\u1ea1i H\u1ecdc Kokushikan, Nh\u1eadt B\u1ea3n, nh\u00e2n vi\u00ean C\u00f4ng ty Hansae, c\u00f4ng ty Hansoll, c\u00f4ng ty Enercon, c\u00f4ng ty Mitsui &amp; Co., Global Logistics (Vietnam), C\u00f4ng ty Prominent Vi\u1ec7t Nam.<\/p>\n","protected":false},"author":2,"featured_media":0,"parent":0,"menu_order":0,"comment_status":"closed","ping_status":"closed","template":"","meta":{"_acf_changed":false,"footnotes":""},"class_list":["post-611","page","type-page","status-publish","hentry"],"acf":[],"_links":{"self":[{"href":"https:\/\/vns.hcmussh.edu.vn\/index.php\/wp-json\/wp\/v2\/pages\/611","targetHints":{"allow":["GET"]}}],"collection":[{"href":"https:\/\/vns.hcmussh.edu.vn\/index.php\/wp-json\/wp\/v2\/pages"}],"about":[{"href":"https:\/\/vns.hcmussh.edu.vn\/index.php\/wp-json\/wp\/v2\/types\/page"}],"author":[{"embeddable":true,"href":"https:\/\/vns.hcmussh.edu.vn\/index.php\/wp-json\/wp\/v2\/users\/2"}],"replies":[{"embeddable":true,"href":"https:\/\/vns.hcmussh.edu.vn\/index.php\/wp-json\/wp\/v2\/comments?post=611"}],"version-history":[{"count":28,"href":"https:\/\/vns.hcmussh.edu.vn\/index.php\/wp-json\/wp\/v2\/pages\/611\/revisions"}],"predecessor-version":[{"id":1500,"href":"https:\/\/vns.hcmussh.edu.vn\/index.php\/wp-json\/wp\/v2\/pages\/611\/revisions\/1500"}],"wp:attachment":[{"href":"https:\/\/vns.hcmussh.edu.vn\/index.php\/wp-json\/wp\/v2\/media?parent=611"}],"curies":[{"name":"wp","href":"https:\/\/api.w.org\/{rel}","templated":true}]}}