{"id":615,"date":"2024-08-10T08:54:12","date_gmt":"2024-08-10T01:54:12","guid":{"rendered":"https:\/\/vnstest.hcmussh.edu.vn\/?page_id=615"},"modified":"2024-08-14T10:17:40","modified_gmt":"2024-08-14T03:17:40","slug":"danh-gia-nang-luc","status":"publish","type":"page","link":"https:\/\/vns.hcmussh.edu.vn\/index.php\/vi\/danh-gia-nang-luc\/","title":{"rendered":"\u0110\u00e1nh gi\u00e1 n\u0103ng l\u1ef1c"},"content":{"rendered":"\t\t<div data-elementor-type=\"wp-page\" data-elementor-id=\"615\" class=\"elementor elementor-615\" data-elementor-post-type=\"page\">\n\t\t\t\t\t\t<section class=\"elementor-section elementor-top-section elementor-element elementor-element-e6b0b5f elementor-section-boxed elementor-section-height-default elementor-section-height-default wpr-particle-no wpr-jarallax-no wpr-parallax-no wpr-sticky-section-no\" data-id=\"e6b0b5f\" data-element_type=\"section\">\n\t\t\t\t\t\t<div class=\"elementor-container elementor-column-gap-default\">\n\t\t\t\t\t<div class=\"elementor-column elementor-col-100 elementor-top-column elementor-element elementor-element-206edb3\" data-id=\"206edb3\" data-element_type=\"column\">\n\t\t\t<div class=\"elementor-widget-wrap elementor-element-populated\">\n\t\t\t\t\t\t<div class=\"elementor-element elementor-element-c28fccb elementor-widget elementor-widget-shortcode\" data-id=\"c28fccb\" data-element_type=\"widget\" data-widget_type=\"shortcode.default\">\n\t\t\t\t<div class=\"elementor-widget-container\">\n\t\t\t\t\t<div class=\"elementor-shortcode\"><div id=\"cf-app\" class=\"cf-app\" data-json=\"{&quot;folders&quot;:[],&quot;libraryIcon&quot;:{&quot;altText&quot;:&quot;icon-folders&quot;,&quot;display&quot;:true},&quot;title&quot;:&quot;CatFolders&quot;,&quot;displayTitle&quot;:true,&quot;titleTag&quot;:&quot;p&quot;,&quot;layout&quot;:&quot;list&quot;,&quot;gridColumn&quot;:3,&quot;searchBarPlacement&quot;:&quot;top&quot;,&quot;layoutIconPlacement&quot;:&quot;top&quot;,&quot;paginationPlacement&quot;:&quot;bottom&quot;,&quot;displayColumns&quot;:{&quot;image&quot;:false,&quot;title&quot;:true,&quot;type&quot;:true,&quot;size&quot;:true,&quot;updated&quot;:true,&quot;counter&quot;:true,&quot;link&quot;:true},&quot;linkTo&quot;:&quot;&quot;,&quot;popupWidth&quot;:600,&quot;popupHeight&quot;:600,&quot;limit&quot;:10,&quot;orderBy&quot;:&quot;title&quot;,&quot;orderType&quot;:&quot;ASC&quot;,&quot;documentIcons&quot;:{&quot;display&quot;:true}}\" data-columns=\"{&quot;1&quot;:{&quot;label&quot;:&quot;Title&quot;,&quot;key&quot;:&quot;title&quot;},&quot;2&quot;:{&quot;label&quot;:&quot;Type&quot;,&quot;key&quot;:&quot;type&quot;},&quot;3&quot;:{&quot;label&quot;:&quot;Size&quot;,&quot;key&quot;:&quot;size&quot;},&quot;4&quot;:{&quot;label&quot;:&quot;Updated&quot;,&quot;key&quot;:&quot;updated&quot;},&quot;5&quot;:{&quot;label&quot;:&quot;Counter&quot;,&quot;key&quot;:&quot;counter&quot;},&quot;6&quot;:{&quot;label&quot;:&quot;Link&quot;,&quot;key&quot;:&quot;link&quot;}}\">\n\t<div class=\"cf-main\">\n\t\t<div class=\"cf-container\">\n\t\t\t\t\t\t\t<p class=\"cf-title\">\n\t\t\t\t\t<img decoding=\"async\" src=\"https:\/\/vns.hcmussh.edu.vn\/wp-content\/plugins\/catfolders-document-gallery\/assets\/images\/icons\/icon-folders.svg\" alt=\"\"icon-folders\/>\n\t\t\t\t\t<span>CatFolders<\/span>\n\t\t\t\t<\/p>\n\t\t\t\n\t\t\t<table class=\"cf-table\" style=\"--grid-column:3\">\n\t\t\t\t<thead>\n\t\t\t\t\t<tr>\n\t\t\t\t\t\t\t\t\t\t\t\t\t<th class=\"cf-title-th\">\n\t\t\t\t\t\t\t\t<span>Title<\/span>\n\t\t\t\t\t\t\t<\/th>\t\n\t\t\t\t\t\t\t\t\t\t\t\t\t<th class=\"\">\n\t\t\t\t\t\t\t\t<span>Type<\/span>\n\t\t\t\t\t\t\t<\/th>\t\n\t\t\t\t\t\t\t\t\t\t\t\t\t<th class=\"\">\n\t\t\t\t\t\t\t\t<span>Size<\/span>\n\t\t\t\t\t\t\t<\/th>\t\n\t\t\t\t\t\t\t\t\t\t\t\t\t<th class=\"\">\n\t\t\t\t\t\t\t\t<span>Updated<\/span>\n\t\t\t\t\t\t\t<\/th>\t\n\t\t\t\t\t\t\t\t\t\t\t\t\t<th class=\"\">\n\t\t\t\t\t\t\t\t<span>Counter<\/span>\n\t\t\t\t\t\t\t<\/th>\t\n\t\t\t\t\t\t\t\t\t\t\t\t\t<th class=\"\">\n\t\t\t\t\t\t\t\t<span>Link<\/span>\n\t\t\t\t\t\t\t<\/th>\t\n\t\t\t\t\t\t\t\t\t\t\t<\/tr>\n\t\t\t\t<\/thead>\n\t\t\t\t<tbody>\n\t\t\t\t\t \n\t\t\t\t<\/tbody>\n\t\t\t<\/table>\n\t\t<\/div>\n\t<\/div>\n<\/div>\n<\/div>\n\t\t\t\t<\/div>\n\t\t\t\t<\/div>\n\t\t\t\t\t<\/div>\n\t\t<\/div>\n\t\t\t\t\t<\/div>\n\t\t<\/section>\n\t\t\t\t<\/div>\n\t\t","protected":false},"excerpt":{"rendered":"","protected":false},"author":2,"featured_media":0,"parent":0,"menu_order":0,"comment_status":"closed","ping_status":"closed","template":"","meta":{"_acf_changed":false,"footnotes":""},"class_list":["post-615","page","type-page","status-publish","hentry"],"acf":[],"_links":{"self":[{"href":"https:\/\/vns.hcmussh.edu.vn\/index.php\/wp-json\/wp\/v2\/pages\/615","targetHints":{"allow":["GET"]}}],"collection":[{"href":"https:\/\/vns.hcmussh.edu.vn\/index.php\/wp-json\/wp\/v2\/pages"}],"about":[{"href":"https:\/\/vns.hcmussh.edu.vn\/index.php\/wp-json\/wp\/v2\/types\/page"}],"author":[{"embeddable":true,"href":"https:\/\/vns.hcmussh.edu.vn\/index.php\/wp-json\/wp\/v2\/users\/2"}],"replies":[{"embeddable":true,"href":"https:\/\/vns.hcmussh.edu.vn\/index.php\/wp-json\/wp\/v2\/comments?post=615"}],"version-history":[{"count":10,"href":"https:\/\/vns.hcmussh.edu.vn\/index.php\/wp-json\/wp\/v2\/pages\/615\/revisions"}],"predecessor-version":[{"id":989,"href":"https:\/\/vns.hcmussh.edu.vn\/index.php\/wp-json\/wp\/v2\/pages\/615\/revisions\/989"}],"wp:attachment":[{"href":"https:\/\/vns.hcmussh.edu.vn\/index.php\/wp-json\/wp\/v2\/media?parent=615"}],"curies":[{"name":"wp","href":"https:\/\/api.w.org\/{rel}","templated":true}]}}